{"id":282,"date":"2020-10-31T18:25:39","date_gmt":"2020-10-31T17:25:39","guid":{"rendered":"https:\/\/www.mariontschmelak.de\/wordpress\/?page_id=282"},"modified":"2021-02-15T15:16:30","modified_gmt":"2021-02-15T14:16:30","slug":"yijing","status":"publish","type":"page","link":"https:\/\/www.mariontschmelak.de\/wordpress\/meine-buecher\/yijing\/","title":{"rendered":"Yijing &#8211; die Entdeckung des Urspr\u00fcnglichen"},"content":{"rendered":"\t\t<div data-elementor-type=\"wp-page\" data-elementor-id=\"282\" class=\"elementor elementor-282\">\n\t\t\t\t\t\t<div class=\"elementor-inner\">\n\t\t\t\t<div class=\"elementor-section-wrap\">\n\t\t\t\t\t\t\t\t\t<section class=\"elementor-section elementor-top-section elementor-element elementor-element-8fe71a7 elementor-section-boxed elementor-section-height-default elementor-section-height-default\" data-id=\"8fe71a7\" data-element_type=\"section\">\n\t\t\t\t\t\t<div class=\"elementor-container elementor-column-gap-default\">\n\t\t\t\t\t\t\t<div class=\"elementor-row\">\n\t\t\t\t\t<div class=\"elementor-column elementor-col-100 elementor-top-column elementor-element elementor-element-be10ab8\" data-id=\"be10ab8\" data-element_type=\"column\">\n\t\t\t<div class=\"elementor-column-wrap elementor-element-populated\">\n\t\t\t\t\t\t\t<div class=\"elementor-widget-wrap\">\n\t\t\t\t\t\t<div class=\"elementor-element elementor-element-85d6236 elementor-widget elementor-widget-text-editor\" data-id=\"85d6236\" data-element_type=\"widget\" data-widget_type=\"text-editor.default\">\n\t\t\t\t<div class=\"elementor-widget-container\">\n\t\t\t\t\t\t\t\t<div class=\"elementor-text-editor elementor-clearfix\">\n\t\t\t\t<h4><span style=\"color: #800000;\"><strong>Leseprobe<\/strong><\/span><\/h4>\t\t\t\t\t<\/div>\n\t\t\t\t\t\t<\/div>\n\t\t\t\t<\/div>\n\t\t\t\t\t\t<\/div>\n\t\t\t\t\t<\/div>\n\t\t<\/div>\n\t\t\t\t\t\t\t\t<\/div>\n\t\t\t\t\t<\/div>\n\t\t<\/section>\n\t\t\t\t<section class=\"elementor-section elementor-top-section elementor-element elementor-element-5e94781 elementor-section-boxed elementor-section-height-default elementor-section-height-default\" data-id=\"5e94781\" data-element_type=\"section\">\n\t\t\t\t\t\t<div class=\"elementor-container elementor-column-gap-default\">\n\t\t\t\t\t\t\t<div class=\"elementor-row\">\n\t\t\t\t\t<div class=\"elementor-column elementor-col-50 elementor-top-column elementor-element elementor-element-9de77f1\" data-id=\"9de77f1\" data-element_type=\"column\">\n\t\t\t<div class=\"elementor-column-wrap elementor-element-populated\">\n\t\t\t\t\t\t\t<div class=\"elementor-widget-wrap\">\n\t\t\t\t\t\t<div class=\"elementor-element elementor-element-a64e261 elementor-widget elementor-widget-image\" data-id=\"a64e261\" data-element_type=\"widget\" data-widget_type=\"image.default\">\n\t\t\t\t<div class=\"elementor-widget-container\">\n\t\t\t\t\t\t\t\t<div class=\"elementor-image\">\n\t\t\t\t\t\t\t\t\t\t\t\t<img decoding=\"async\" width=\"925\" height=\"905\" src=\"https:\/\/www.mariontschmelak.de\/wordpress\/wp-content\/uploads\/2020\/11\/LeseprobeYijing256.png\" class=\"attachment-large size-large\" alt=\"\" loading=\"lazy\" srcset=\"https:\/\/www.mariontschmelak.de\/wordpress\/wp-content\/uploads\/2020\/11\/LeseprobeYijing256.png 925w, https:\/\/www.mariontschmelak.de\/wordpress\/wp-content\/uploads\/2020\/11\/LeseprobeYijing256-300x294.png 300w, https:\/\/www.mariontschmelak.de\/wordpress\/wp-content\/uploads\/2020\/11\/LeseprobeYijing256-768x751.png 768w\" sizes=\"(max-width: 925px) 100vw, 925px\" \/>\t\t\t\t\t\t\t\t\t\t\t\t\t\t<\/div>\n\t\t\t\t\t\t<\/div>\n\t\t\t\t<\/div>\n\t\t\t\t\t\t<\/div>\n\t\t\t\t\t<\/div>\n\t\t<\/div>\n\t\t\t\t<div class=\"elementor-column elementor-col-50 elementor-top-column elementor-element elementor-element-343485e\" data-id=\"343485e\" data-element_type=\"column\">\n\t\t\t<div class=\"elementor-column-wrap elementor-element-populated\">\n\t\t\t\t\t\t\t<div class=\"elementor-widget-wrap\">\n\t\t\t\t\t\t<div class=\"elementor-element elementor-element-7116b4e elementor-widget elementor-widget-text-editor\" data-id=\"7116b4e\" data-element_type=\"widget\" data-widget_type=\"text-editor.default\">\n\t\t\t\t<div class=\"elementor-widget-container\">\n\t\t\t\t\t\t\t\t<div class=\"elementor-text-editor elementor-clearfix\">\n\t\t\t\t<p>Die Anordnung der Linien sagt uns einiges \u00fcber das harmonische Zusammenspiel des Femininen und Maskulinen Prinzips.\u00a0<\/p><p>Das Trigramm Himmel, drei aufeinanderfolgende Yang-Linien, verfl\u00fcchtigt sich seiner Natur gem\u00e4\u00df in den weiten Raum hinein. Das Trigramm Erde, drei aufeinanderfolgende Yin-Linien, zieht sich gem\u00e4\u00df der Schwerkraft in ein Zentrum zur\u00fcck. Diese Fliehkraft w\u00fcrde beide auseinanderdriften lassen, w\u00fcrde Himmel die Position oben und Erde die Position unten im Hexagramm einnehmen. Doch da im Hexagramm <i>Das Zusammenwirken <\/i>das Maskuline im Femininen eingebettet ist wie ein Embryo in der Geb\u00e4rmutter und dennoch eine erh\u00f6hte Position besitzt, kann das Bewusstsein in kosmische Bereiche vordringen, ohne seine Anhaftung an Materie zu verlieren. Zwei Lebensenergien stehen in Einklang und gegenseitiger Verbindung&#8230;.<\/p><div>\u00a0<\/div>\t\t\t\t\t<\/div>\n\t\t\t\t\t\t<\/div>\n\t\t\t\t<\/div>\n\t\t\t\t\t\t<\/div>\n\t\t\t\t\t<\/div>\n\t\t<\/div>\n\t\t\t\t\t\t\t\t<\/div>\n\t\t\t\t\t<\/div>\n\t\t<\/section>\n\t\t\t\t\t\t\t\t\t<\/div>\n\t\t\t<\/div>\n\t\t\t\t\t<\/div>\n\t\t","protected":false},"excerpt":{"rendered":"<p>Leseprobe Die Anordnung der Linien sagt uns einiges \u00fcber das harmonische Zusammenspiel des Femininen und Maskulinen Prinzips.&nbsp; Das Trigramm Himmel, drei aufeinanderfolgende Yang-Linien, verfl\u00fcchtigt sich seiner Natur gem\u00e4\u00df in den weiten Raum hinein. Das Trigramm Erde, drei aufeinanderfolgende Yin-Linien, zieht sich gem\u00e4\u00df der Schwerkraft in ein Zentrum zur\u00fcck. Diese Fliehkraft w\u00fcrde beide auseinanderdriften lassen, w\u00fcrde &hellip;<\/p>\n<p class=\"read-more\"> <a class=\"\" href=\"https:\/\/www.mariontschmelak.de\/wordpress\/meine-buecher\/yijing\/\"> <span class=\"screen-reader-text\">Yijing &#8211; die Entdeckung des Urspr\u00fcnglichen<\/span> Weiterlesen &raquo;<\/a><\/p>\n","protected":false},"author":1,"featured_media":0,"parent":86,"menu_order":0,"comment_status":"closed","ping_status":"closed","template":"","meta":{"site-sidebar-layout":"no-sidebar","site-content-layout":"page-builder","ast-main-header-display":"","ast-hfb-above-header-display":"","ast-hfb-below-header-display":"","ast-hfb-mobile-header-display":"","site-post-title":"disabled","ast-breadcrumbs-content":"","ast-featured-img":"disabled","footer-sml-layout":"","theme-transparent-header-meta":"default","adv-header-id-meta":"","stick-header-meta":"","header-above-stick-meta":"","header-main-stick-meta":"","header-below-stick-meta":""},"_links":{"self":[{"href":"https:\/\/www.mariontschmelak.de\/wordpress\/wp-json\/wp\/v2\/pages\/282"}],"collection":[{"href":"https:\/\/www.mariontschmelak.de\/wordpress\/wp-json\/wp\/v2\/pages"}],"about":[{"href":"https:\/\/www.mariontschmelak.de\/wordpress\/wp-json\/wp\/v2\/types\/page"}],"author":[{"embeddable":true,"href":"https:\/\/www.mariontschmelak.de\/wordpress\/wp-json\/wp\/v2\/users\/1"}],"replies":[{"embeddable":true,"href":"https:\/\/www.mariontschmelak.de\/wordpress\/wp-json\/wp\/v2\/comments?post=282"}],"version-history":[{"count":29,"href":"https:\/\/www.mariontschmelak.de\/wordpress\/wp-json\/wp\/v2\/pages\/282\/revisions"}],"predecessor-version":[{"id":1477,"href":"https:\/\/www.mariontschmelak.de\/wordpress\/wp-json\/wp\/v2\/pages\/282\/revisions\/1477"}],"up":[{"embeddable":true,"href":"https:\/\/www.mariontschmelak.de\/wordpress\/wp-json\/wp\/v2\/pages\/86"}],"wp:attachment":[{"href":"https:\/\/www.mariontschmelak.de\/wordpress\/wp-json\/wp\/v2\/media?parent=282"}],"curies":[{"name":"wp","href":"https:\/\/api.w.org\/{rel}","templated":true}]}}