{"id":316,"date":"2020-10-31T19:07:04","date_gmt":"2020-10-31T18:07:04","guid":{"rendered":"https:\/\/www.mariontschmelak.de\/wordpress\/?page_id=316"},"modified":"2021-02-15T13:36:45","modified_gmt":"2021-02-15T12:36:45","slug":"shangri-la-schoene-andere-welt","status":"publish","type":"page","link":"https:\/\/www.mariontschmelak.de\/wordpress\/meine-buecher\/shangri-la-schoene-andere-welt\/","title":{"rendered":"Shangri La &#8211; Sch\u00f6ne andere Welt"},"content":{"rendered":"\t\t<div data-elementor-type=\"wp-page\" data-elementor-id=\"316\" class=\"elementor elementor-316\">\n\t\t\t\t\t\t<div class=\"elementor-inner\">\n\t\t\t\t<div class=\"elementor-section-wrap\">\n\t\t\t\t\t\t\t\t\t<section class=\"elementor-section elementor-top-section elementor-element elementor-element-7da422e elementor-section-boxed elementor-section-height-default elementor-section-height-default\" data-id=\"7da422e\" data-element_type=\"section\">\n\t\t\t\t\t\t<div class=\"elementor-container elementor-column-gap-default\">\n\t\t\t\t\t\t\t<div class=\"elementor-row\">\n\t\t\t\t\t<div class=\"elementor-column elementor-col-100 elementor-top-column elementor-element elementor-element-799c2ed\" data-id=\"799c2ed\" data-element_type=\"column\">\n\t\t\t<div class=\"elementor-column-wrap elementor-element-populated\">\n\t\t\t\t\t\t\t<div class=\"elementor-widget-wrap\">\n\t\t\t\t\t\t<div class=\"elementor-element elementor-element-34d3e46 elementor-widget elementor-widget-text-editor\" data-id=\"34d3e46\" data-element_type=\"widget\" data-widget_type=\"text-editor.default\">\n\t\t\t\t<div class=\"elementor-widget-container\">\n\t\t\t\t\t\t\t\t<div class=\"elementor-text-editor elementor-clearfix\">\n\t\t\t\t<h4><strong><span style=\"color: #800000;\">Leseprobe<\/span><\/strong><\/h4><p>\u201eAber lass mich bitte nur bei diesem aufsteigenden wei\u00dfen Tropfen bleiben, da wir bald an unserem Ziel angelangt sind. Das feminine Wirkprinzip will im g\u00fcnstigsten Fall bewahren und erhalten. Es ist ein Raumprinzip. Das hei\u00dft, auf den gesellschaftlichen Aspekt bezogen ist es kollektiv ausgerichtet. Es wirkt auch kristallisierend und damit konkretisierend. Es bewahrt und erh\u00e4lt, indem es die Dinge wandelt, also transformiert. Dadurch entsteht Dauer. Das ist nicht so widerspr\u00fcchlich, wie sich das anh\u00f6rt. Nun aber zum Maskulinen Wirkprinzip, um das es mir jetzt haupts\u00e4chlich geht. Es will, auch das im g\u00fcnstigsten Fall, strukturieren und ordnend umsetzen. Es ist ein sehr dynamisches Prinzip, das ins Detail gehen m\u00f6chte. Es zeigt Richtung an und ist progressiv.<br \/><span style=\"font-size: 15px; color: var( --e-global-color-text ); font-family: var( --e-global-typography-text-font-family ), Sans-serif;\">Doch nun zur\u00fcck zum Bild des Flusses. Stell dir einen Menschen vor, der sich zu einer starken, machtvollen Pers\u00f6nlichkeit, also zu einem breiten, schwerf\u00e4llig flie\u00dfenden, m\u00e4chtigen Fluss entwickelt hat.\u201c<br \/><\/span><span style=\"font-size: 15px; color: var( --e-global-color-text ); font-family: var( --e-global-typography-text-font-family ), Sans-serif;\">Alexander fielen da sofort einige gesellschaftliche und politische Autorit\u00e4ten ein.<br \/><\/span><span style=\"color: var( --e-global-color-text ); font-family: var( --e-global-typography-text-font-family ), Sans-serif; font-size: 15px;\">\u201eEr hat inzwischen Standfestigkeit und Durchsetzungsverm\u00f6gen entwickelt und sich einen wichtigen Platz im Weltgeschehen erobert. Sein Ich-Bewusstsein ist auf seinem H\u00f6hepunkt. Menschen suchen ja jemanden, um den sie kreisen k\u00f6nnen. Er \u00fcbt also eine starke Anziehungskraft aus und je mehr Energie ihm durch Aufmerksamkeit zugef\u00fchrt wird, je machtvoller wird er. Stell dir einen kraftvollen Hirsch mit einem pr\u00e4chtigen Geweih vor. Dann wei\u00dft du, worauf ich hinaus m\u00f6chte. Irgendwann aber kommt der Zeitpunkt, an dem sich dieses starke Ich-Bewusstsein vom Femininen Prinzip transformieren lassen sollte. Doch es wehrt sich mit all seiner Kraft. Denn es f\u00fcrchtet sich aufzul\u00f6sen, zu sterben, und tats\u00e4chlich w\u00fcrde es bei dieser Transformation auch einen kleinen Tod sterben. Aber es l\u00f6st sich nicht auf. Es transformiert sich und findet dadurch zu einem neuen Standort innerhalb des gro\u00dfen Ganzen. Aber das will es eben nicht und strebt nun danach, sich ungehindert weiter auszubreiten, denn Leben hei\u00dft ja immer in Bewegung sein. Da es nicht mehr vorw\u00e4rtskommt, was seinem Naturell entspr\u00e4che, bl\u00e4ht es sich auf. Es bek\u00e4mpft das Feminine wo es nur kann, will es \u00fcberwinden, statt sich von ihm wandeln zu lassen. Dieser Mensch folgt ungeb\u00e4ndigt seinem Drang nach Wachstum und Macht. Er l\u00e4sst sich erh\u00f6hen oder versucht, sich ein Denkmal zu setzen. Er fordert Gehorsam ein, um sich seinen Platz zu sichern und verliert dabei immer mehr das Gemeinwohl aus den Augen. Wie von der Macht berauscht, entwickelt er sich zusehends zu einer narzisstischen oder paranoiden Pers\u00f6nlichkeit. Bedenke, dass es bei meiner Beschreibung um eine Person geht, die sich in einer einflussreichen Position befindet. Er gleicht, um bei unserem Bild zu bleiben, dem Imponiergehabe eines Hirsch\u00adbockes mit seinem pr\u00e4chtigen Geweih, das er kaum tragen kann. Diese Last ist schwer und die Gefahr gro\u00df, dass er sich im Gestr\u00fcpp verf\u00e4ngt und sich mehr und mehr darin verstrickt. So einem Menschen mangelt es an fehlenden Vorsichtsma\u00dfnahmen. Er hat das Aufkommende, die zarten Anf\u00e4nge nicht erkannt.\u201c<\/span><span style=\"font-size: 15px; color: var( --e-global-color-text ); font-family: var( --e-global-typography-text-font-family ), Sans-serif;\"><br \/><\/span><\/p>\t\t\t\t\t<\/div>\n\t\t\t\t\t\t<\/div>\n\t\t\t\t<\/div>\n\t\t\t\t\t\t<\/div>\n\t\t\t\t\t<\/div>\n\t\t<\/div>\n\t\t\t\t\t\t\t\t<\/div>\n\t\t\t\t\t<\/div>\n\t\t<\/section>\n\t\t\t\t\t\t\t\t\t<\/div>\n\t\t\t<\/div>\n\t\t\t\t\t<\/div>\n\t\t","protected":false},"excerpt":{"rendered":"<p>Leseprobe \u201eAber lass mich bitte nur bei diesem aufsteigenden wei\u00dfen Tropfen bleiben, da wir bald an unserem Ziel angelangt sind. Das feminine Wirkprinzip will im g\u00fcnstigsten Fall bewahren und erhalten. Es ist ein Raumprinzip. Das hei\u00dft, auf den gesellschaftlichen Aspekt bezogen ist es kollektiv ausgerichtet. Es wirkt auch kristallisierend und damit konkretisierend. Es bewahrt und &hellip;<\/p>\n<p class=\"read-more\"> <a class=\"\" href=\"https:\/\/www.mariontschmelak.de\/wordpress\/meine-buecher\/shangri-la-schoene-andere-welt\/\"> <span class=\"screen-reader-text\">Shangri La &#8211; Sch\u00f6ne andere Welt<\/span> Weiterlesen &raquo;<\/a><\/p>\n","protected":false},"author":1,"featured_media":0,"parent":86,"menu_order":0,"comment_status":"closed","ping_status":"closed","template":"","meta":{"site-sidebar-layout":"no-sidebar","site-content-layout":"page-builder","ast-main-header-display":"","ast-hfb-above-header-display":"","ast-hfb-below-header-display":"","ast-hfb-mobile-header-display":"","site-post-title":"disabled","ast-breadcrumbs-content":"","ast-featured-img":"disabled","footer-sml-layout":"","theme-transparent-header-meta":"default","adv-header-id-meta":"","stick-header-meta":"","header-above-stick-meta":"","header-main-stick-meta":"","header-below-stick-meta":""},"_links":{"self":[{"href":"https:\/\/www.mariontschmelak.de\/wordpress\/wp-json\/wp\/v2\/pages\/316"}],"collection":[{"href":"https:\/\/www.mariontschmelak.de\/wordpress\/wp-json\/wp\/v2\/pages"}],"about":[{"href":"https:\/\/www.mariontschmelak.de\/wordpress\/wp-json\/wp\/v2\/types\/page"}],"author":[{"embeddable":true,"href":"https:\/\/www.mariontschmelak.de\/wordpress\/wp-json\/wp\/v2\/users\/1"}],"replies":[{"embeddable":true,"href":"https:\/\/www.mariontschmelak.de\/wordpress\/wp-json\/wp\/v2\/comments?post=316"}],"version-history":[{"count":25,"href":"https:\/\/www.mariontschmelak.de\/wordpress\/wp-json\/wp\/v2\/pages\/316\/revisions"}],"predecessor-version":[{"id":1455,"href":"https:\/\/www.mariontschmelak.de\/wordpress\/wp-json\/wp\/v2\/pages\/316\/revisions\/1455"}],"up":[{"embeddable":true,"href":"https:\/\/www.mariontschmelak.de\/wordpress\/wp-json\/wp\/v2\/pages\/86"}],"wp:attachment":[{"href":"https:\/\/www.mariontschmelak.de\/wordpress\/wp-json\/wp\/v2\/media?parent=316"}],"curies":[{"name":"wp","href":"https:\/\/api.w.org\/{rel}","templated":true}]}}