{"id":323,"date":"2020-10-31T19:09:50","date_gmt":"2020-10-31T18:09:50","guid":{"rendered":"https:\/\/www.mariontschmelak.de\/wordpress\/?page_id=323"},"modified":"2021-02-15T13:55:45","modified_gmt":"2021-02-15T12:55:45","slug":"die-geistigen-schwertkrieger","status":"publish","type":"page","link":"https:\/\/www.mariontschmelak.de\/wordpress\/meine-buecher\/die-geistigen-schwertkrieger\/","title":{"rendered":"Die geistigen Schwertkrieger"},"content":{"rendered":"\t\t<div data-elementor-type=\"wp-page\" data-elementor-id=\"323\" class=\"elementor elementor-323\">\n\t\t\t\t\t\t<div class=\"elementor-inner\">\n\t\t\t\t<div class=\"elementor-section-wrap\">\n\t\t\t\t\t\t\t\t\t<section class=\"elementor-section elementor-top-section elementor-element elementor-element-151e20a elementor-section-boxed elementor-section-height-default elementor-section-height-default\" data-id=\"151e20a\" data-element_type=\"section\">\n\t\t\t\t\t\t<div class=\"elementor-container elementor-column-gap-default\">\n\t\t\t\t\t\t\t<div class=\"elementor-row\">\n\t\t\t\t\t<div class=\"elementor-column elementor-col-100 elementor-top-column elementor-element elementor-element-f0c7b34\" data-id=\"f0c7b34\" data-element_type=\"column\">\n\t\t\t<div class=\"elementor-column-wrap elementor-element-populated\">\n\t\t\t\t\t\t\t<div class=\"elementor-widget-wrap\">\n\t\t\t\t\t\t<div class=\"elementor-element elementor-element-695e375 elementor-widget elementor-widget-text-editor\" data-id=\"695e375\" data-element_type=\"widget\" data-widget_type=\"text-editor.default\">\n\t\t\t\t<div class=\"elementor-widget-container\">\n\t\t\t\t\t\t\t\t<div class=\"elementor-text-editor elementor-clearfix\">\n\t\t\t\t<h5 style=\"text-align: left;\"><span style=\"color: #800000;\"><strong>Leseprobe<\/strong><\/span><\/h5>\t\t\t\t\t<\/div>\n\t\t\t\t\t\t<\/div>\n\t\t\t\t<\/div>\n\t\t\t\t<div class=\"elementor-element elementor-element-8a0754d elementor-widget elementor-widget-text-editor\" data-id=\"8a0754d\" data-element_type=\"widget\" data-widget_type=\"text-editor.default\">\n\t\t\t\t<div class=\"elementor-widget-container\">\n\t\t\t\t\t\t\t\t<div class=\"elementor-text-editor elementor-clearfix\">\n\t\t\t\t<p><span style=\"font-size: 15px; color: var( --e-global-color-text );\">\u201eIst dir eigentlich klar, dass ich dir immer den R\u00fccken freigehalten habe?\u201c, schoss es mit zittriger Stimme aus ihr heraus.<br><\/span>\u201eWer sagt denn, dass ich das so wollte\u201c, antwortete Hans, pl\u00f6tzlich wieder innerlich ruhig und besonnen.<br>Er richtete seinen Oberk\u00f6rper auf und atmete tief durch, bevor er weitersprach.<br>\u201eDu hast das nicht nur f\u00fcr mich getan, sondern auch f\u00fcr dich. So hast du dich nicht mit der Welt da drau\u00dfen auseinandersetzen m\u00fcssen, die dir gef\u00e4hrlich und bedrohlich erscheint.\u201c<br>Hans lie\u00df Katie nicht aus den Augen, um erkennen zu k\u00f6nnen, wie sie diese Worte aufnahm. Er sah, dass sie nicht bereit war, diese Tatsache anzuerkennen. Widerwillig drehte sie den Kopf zur Seite.<br>\u201eIch werfe dir nicht vor, dass du dir damit schwertust. Was ich aber nicht mehr akzeptieren kann und will, ist die Tatsache, dass du dich nicht bem\u00fchst, dich pers\u00f6nlich in dieser Hinsicht weiterzuentwickeln, dass du nicht bereit bist, dich deiner Angst zu stellen.&#8220;<\/p>\t\t\t\t\t<\/div>\n\t\t\t\t\t\t<\/div>\n\t\t\t\t<\/div>\n\t\t\t\t\t\t<\/div>\n\t\t\t\t\t<\/div>\n\t\t<\/div>\n\t\t\t\t\t\t\t\t<\/div>\n\t\t\t\t\t<\/div>\n\t\t<\/section>\n\t\t\t\t<section class=\"elementor-section elementor-top-section elementor-element elementor-element-ee486c4 elementor-section-boxed elementor-section-height-default elementor-section-height-default\" data-id=\"ee486c4\" data-element_type=\"section\">\n\t\t\t\t\t\t<div class=\"elementor-container elementor-column-gap-default\">\n\t\t\t\t\t\t\t<div class=\"elementor-row\">\n\t\t\t\t\t<div class=\"elementor-column elementor-col-100 elementor-top-column elementor-element elementor-element-1d00dad\" data-id=\"1d00dad\" data-element_type=\"column\">\n\t\t\t<div class=\"elementor-column-wrap elementor-element-populated\">\n\t\t\t\t\t\t\t<div class=\"elementor-widget-wrap\">\n\t\t\t\t\t\t<div class=\"elementor-element elementor-element-ce64367 elementor-widget elementor-widget-text-editor\" data-id=\"ce64367\" data-element_type=\"widget\" data-widget_type=\"text-editor.default\">\n\t\t\t\t<div class=\"elementor-widget-container\">\n\t\t\t\t\t\t\t\t<div class=\"elementor-text-editor elementor-clearfix\">\n\t\t\t\t<p><span style=\"color: #444444; font-family: Georgia, Times, 'Times New Roman', serif; font-size: 16px; font-style: normal; font-weight: 400; background-color: #f1f1f1;\">\u00a9 &#8222;Jeder von uns tr\u00e4gt seine eigene Waffe mit sich&#8220;: Rezension von Winfried Brumma (Pressenet), 2018.<\/span><\/p><p><a href=\"https:\/\/www.pressenet.info\/rezension\/rezension-marion-tschmelak-die-geistigen-schwertkrieger.html\">https:\/\/www.pressenet.info\/rezension\/rezension-marion-tschmelak-die-geistigen-schwertkrieger.html<\/a><\/p>\t\t\t\t\t<\/div>\n\t\t\t\t\t\t<\/div>\n\t\t\t\t<\/div>\n\t\t\t\t\t\t<\/div>\n\t\t\t\t\t<\/div>\n\t\t<\/div>\n\t\t\t\t\t\t\t\t<\/div>\n\t\t\t\t\t<\/div>\n\t\t<\/section>\n\t\t\t\t\t\t\t\t\t<\/div>\n\t\t\t<\/div>\n\t\t\t\t\t<\/div>\n\t\t","protected":false},"excerpt":{"rendered":"<p>Leseprobe \u201eIst dir eigentlich klar, dass ich dir immer den R\u00fccken freigehalten habe?\u201c, schoss es mit zittriger Stimme aus ihr heraus.\u201eWer sagt denn, dass ich das so wollte\u201c, antwortete Hans, pl\u00f6tzlich wieder innerlich ruhig und besonnen.Er richtete seinen Oberk\u00f6rper auf und atmete tief durch, bevor er weitersprach.\u201eDu hast das nicht nur f\u00fcr mich getan, sondern &hellip;<\/p>\n<p class=\"read-more\"> <a class=\"\" href=\"https:\/\/www.mariontschmelak.de\/wordpress\/meine-buecher\/die-geistigen-schwertkrieger\/\"> <span class=\"screen-reader-text\">Die geistigen Schwertkrieger<\/span> Weiterlesen &raquo;<\/a><\/p>\n","protected":false},"author":1,"featured_media":0,"parent":86,"menu_order":0,"comment_status":"closed","ping_status":"closed","template":"","meta":{"site-sidebar-layout":"no-sidebar","site-content-layout":"page-builder","ast-main-header-display":"","ast-hfb-above-header-display":"","ast-hfb-below-header-display":"","ast-hfb-mobile-header-display":"","site-post-title":"disabled","ast-breadcrumbs-content":"","ast-featured-img":"disabled","footer-sml-layout":"","theme-transparent-header-meta":"default","adv-header-id-meta":"","stick-header-meta":"","header-above-stick-meta":"","header-main-stick-meta":"","header-below-stick-meta":""},"_links":{"self":[{"href":"https:\/\/www.mariontschmelak.de\/wordpress\/wp-json\/wp\/v2\/pages\/323"}],"collection":[{"href":"https:\/\/www.mariontschmelak.de\/wordpress\/wp-json\/wp\/v2\/pages"}],"about":[{"href":"https:\/\/www.mariontschmelak.de\/wordpress\/wp-json\/wp\/v2\/types\/page"}],"author":[{"embeddable":true,"href":"https:\/\/www.mariontschmelak.de\/wordpress\/wp-json\/wp\/v2\/users\/1"}],"replies":[{"embeddable":true,"href":"https:\/\/www.mariontschmelak.de\/wordpress\/wp-json\/wp\/v2\/comments?post=323"}],"version-history":[{"count":33,"href":"https:\/\/www.mariontschmelak.de\/wordpress\/wp-json\/wp\/v2\/pages\/323\/revisions"}],"predecessor-version":[{"id":1467,"href":"https:\/\/www.mariontschmelak.de\/wordpress\/wp-json\/wp\/v2\/pages\/323\/revisions\/1467"}],"up":[{"embeddable":true,"href":"https:\/\/www.mariontschmelak.de\/wordpress\/wp-json\/wp\/v2\/pages\/86"}],"wp:attachment":[{"href":"https:\/\/www.mariontschmelak.de\/wordpress\/wp-json\/wp\/v2\/media?parent=323"}],"curies":[{"name":"wp","href":"https:\/\/api.w.org\/{rel}","templated":true}]}}