{"id":331,"date":"2020-10-31T19:14:12","date_gmt":"2020-10-31T18:14:12","guid":{"rendered":"https:\/\/www.mariontschmelak.de\/wordpress\/?page_id=331"},"modified":"2021-02-15T13:58:56","modified_gmt":"2021-02-15T12:58:56","slug":"hinter-der-mauer","status":"publish","type":"page","link":"https:\/\/www.mariontschmelak.de\/wordpress\/meine-buecher\/hinter-der-mauer\/","title":{"rendered":"Hinter der Mauer"},"content":{"rendered":"\t\t<div data-elementor-type=\"wp-page\" data-elementor-id=\"331\" class=\"elementor elementor-331\">\n\t\t\t\t\t\t<div class=\"elementor-inner\">\n\t\t\t\t<div class=\"elementor-section-wrap\">\n\t\t\t\t\t\t\t\t\t<section class=\"elementor-section elementor-top-section elementor-element elementor-element-1e06b0d elementor-section-boxed elementor-section-height-default elementor-section-height-default\" data-id=\"1e06b0d\" data-element_type=\"section\">\n\t\t\t\t\t\t<div class=\"elementor-container elementor-column-gap-default\">\n\t\t\t\t\t\t\t<div class=\"elementor-row\">\n\t\t\t\t\t<div class=\"elementor-column elementor-col-100 elementor-top-column elementor-element elementor-element-b83bd18\" data-id=\"b83bd18\" data-element_type=\"column\">\n\t\t\t<div class=\"elementor-column-wrap\">\n\t\t\t\t\t\t\t<div class=\"elementor-widget-wrap\">\n\t\t\t\t\t\t\t\t<\/div>\n\t\t\t\t\t<\/div>\n\t\t<\/div>\n\t\t\t\t\t\t\t\t<\/div>\n\t\t\t\t\t<\/div>\n\t\t<\/section>\n\t\t\t\t<section class=\"elementor-section elementor-top-section elementor-element elementor-element-c1ff7eb elementor-section-boxed elementor-section-height-default elementor-section-height-default\" data-id=\"c1ff7eb\" data-element_type=\"section\">\n\t\t\t\t\t\t<div class=\"elementor-container elementor-column-gap-default\">\n\t\t\t\t\t\t\t<div class=\"elementor-row\">\n\t\t\t\t\t<div class=\"elementor-column elementor-col-100 elementor-top-column elementor-element elementor-element-b249174\" data-id=\"b249174\" data-element_type=\"column\">\n\t\t\t<div class=\"elementor-column-wrap elementor-element-populated\">\n\t\t\t\t\t\t\t<div class=\"elementor-widget-wrap\">\n\t\t\t\t\t\t<div class=\"elementor-element elementor-element-d2096ef elementor-widget elementor-widget-text-editor\" data-id=\"d2096ef\" data-element_type=\"widget\" data-widget_type=\"text-editor.default\">\n\t\t\t\t<div class=\"elementor-widget-container\">\n\t\t\t\t\t\t\t\t<div class=\"elementor-text-editor elementor-clearfix\">\n\t\t\t\t<h4><span style=\"color: #000000;\"><strong><span style=\"color: #800000;\">Leseprobe<\/span><\/strong>\u00a0<\/span><\/h4><p><span style=\"font-size: 12pt; font-family: var( --e-global-typography-text-font-family ), Sans-serif;\">Jede Arbeit in meinem Garten m\u00f6chte ich als Zwiegespr\u00e4ch verstanden wissen. Oft h\u00f6re ich auch einfach nur zu. Ich muss nicht immer t\u00e4tig sein.<br \/><\/span><span style=\"font-size: 12.0pt;\">Ich gehe zu dem Baum nahe der Mauer und betrachte die Knospen. Die Anf\u00e4nge sind immer etwas ganz Besonderes. Das Innere des Baumes ist wieder bereit, mit der Au\u00dfenwelt in Kontakt zu treten, sich zu \u00f6ffnen und sich mit ihr auszutauschen. Ich beobachte es jedes Jahr, nehme mir vor, es ihm gleich zu tun \u2013 und halte mich nicht daran.<br \/><\/span><span style=\"font-size: 12.0pt;\">Ich betrachte seine \u00c4ste, die sich knorrig verzweigen und d\u00fcnner werden. So weit m\u00f6chte ich meine F\u00fchler nicht in die Welt strecken. Ich w\u00fcrde mich zu sehr zerstreuen. Ich w\u00fcrde mich verlieren. Mein Blick senkt sich ab und legt sich auf die Wurzeln des Baumes. Sie sind das, was mir fehlt. Meine eigenen inneren Wurzeln halten mich kaum auf dem Boden, sodass meine Mitmenschen leichtes Spiel mit mir h\u00e4tten, w\u00e4re ich nicht vorsichtig.<\/span><\/p>\t\t\t\t\t<\/div>\n\t\t\t\t\t\t<\/div>\n\t\t\t\t<\/div>\n\t\t\t\t\t\t<\/div>\n\t\t\t\t\t<\/div>\n\t\t<\/div>\n\t\t\t\t\t\t\t\t<\/div>\n\t\t\t\t\t<\/div>\n\t\t<\/section>\n\t\t\t\t\t\t\t\t\t<\/div>\n\t\t\t<\/div>\n\t\t\t\t\t<\/div>\n\t\t","protected":false},"excerpt":{"rendered":"<p>Leseprobe\u00a0 Jede Arbeit in meinem Garten m\u00f6chte ich als Zwiegespr\u00e4ch verstanden wissen. Oft h\u00f6re ich auch einfach nur zu. Ich muss nicht immer t\u00e4tig sein.Ich gehe zu dem Baum nahe der Mauer und betrachte die Knospen. Die Anf\u00e4nge sind immer etwas ganz Besonderes. Das Innere des Baumes ist wieder bereit, mit der Au\u00dfenwelt in Kontakt &hellip;<\/p>\n<p class=\"read-more\"> <a class=\"\" href=\"https:\/\/www.mariontschmelak.de\/wordpress\/meine-buecher\/hinter-der-mauer\/\"> <span class=\"screen-reader-text\">Hinter der Mauer<\/span> Weiterlesen &raquo;<\/a><\/p>\n","protected":false},"author":1,"featured_media":0,"parent":86,"menu_order":0,"comment_status":"closed","ping_status":"closed","template":"","meta":{"site-sidebar-layout":"no-sidebar","site-content-layout":"page-builder","ast-main-header-display":"","ast-hfb-above-header-display":"","ast-hfb-below-header-display":"","ast-hfb-mobile-header-display":"","site-post-title":"disabled","ast-breadcrumbs-content":"","ast-featured-img":"disabled","footer-sml-layout":"","theme-transparent-header-meta":"default","adv-header-id-meta":"","stick-header-meta":"","header-above-stick-meta":"","header-main-stick-meta":"","header-below-stick-meta":""},"_links":{"self":[{"href":"https:\/\/www.mariontschmelak.de\/wordpress\/wp-json\/wp\/v2\/pages\/331"}],"collection":[{"href":"https:\/\/www.mariontschmelak.de\/wordpress\/wp-json\/wp\/v2\/pages"}],"about":[{"href":"https:\/\/www.mariontschmelak.de\/wordpress\/wp-json\/wp\/v2\/types\/page"}],"author":[{"embeddable":true,"href":"https:\/\/www.mariontschmelak.de\/wordpress\/wp-json\/wp\/v2\/users\/1"}],"replies":[{"embeddable":true,"href":"https:\/\/www.mariontschmelak.de\/wordpress\/wp-json\/wp\/v2\/comments?post=331"}],"version-history":[{"count":24,"href":"https:\/\/www.mariontschmelak.de\/wordpress\/wp-json\/wp\/v2\/pages\/331\/revisions"}],"predecessor-version":[{"id":1476,"href":"https:\/\/www.mariontschmelak.de\/wordpress\/wp-json\/wp\/v2\/pages\/331\/revisions\/1476"}],"up":[{"embeddable":true,"href":"https:\/\/www.mariontschmelak.de\/wordpress\/wp-json\/wp\/v2\/pages\/86"}],"wp:attachment":[{"href":"https:\/\/www.mariontschmelak.de\/wordpress\/wp-json\/wp\/v2\/media?parent=331"}],"curies":[{"name":"wp","href":"https:\/\/api.w.org\/{rel}","templated":true}]}}