{"id":3345,"date":"2026-01-19T11:29:48","date_gmt":"2026-01-19T10:29:48","guid":{"rendered":"https:\/\/www.mariontschmelak.de\/wordpress\/?page_id=3345"},"modified":"2026-04-05T20:10:12","modified_gmt":"2026-04-05T18:10:12","slug":"yijing-i-ging","status":"publish","type":"page","link":"https:\/\/www.mariontschmelak.de\/wordpress\/yijing-i-ging\/","title":{"rendered":"Yijing &#8211; I Ging"},"content":{"rendered":"\t\t<div data-elementor-type=\"wp-post\" data-elementor-id=\"3345\" class=\"elementor elementor-3345\">\n\t\t\t\t\t\t<div class=\"elementor-inner\">\n\t\t\t\t<div class=\"elementor-section-wrap\">\n\t\t\t\t\t\t\t\t\t<section class=\"elementor-section elementor-top-section elementor-element elementor-element-919210a elementor-section-boxed elementor-section-height-default elementor-section-height-default\" data-id=\"919210a\" data-element_type=\"section\">\n\t\t\t\t\t\t<div class=\"elementor-container elementor-column-gap-custom\">\n\t\t\t\t\t\t\t<div class=\"elementor-row\">\n\t\t\t\t\t<div class=\"elementor-column elementor-col-100 elementor-top-column elementor-element elementor-element-f4c2e58\" data-id=\"f4c2e58\" data-element_type=\"column\">\n\t\t\t<div class=\"elementor-column-wrap elementor-element-populated\">\n\t\t\t\t\t\t\t<div class=\"elementor-widget-wrap\">\n\t\t\t\t\t\t<div class=\"elementor-element elementor-element-0661870 elementor-widget elementor-widget-text-editor\" data-id=\"0661870\" data-element_type=\"widget\" data-widget_type=\"text-editor.default\">\n\t\t\t\t<div class=\"elementor-widget-container\">\n\t\t\t\t\t\t\t\t<div class=\"elementor-text-editor elementor-clearfix\">\n\t\t\t\t<h5><span style=\"font-size: 1.17647rem; font-weight: 500;\"><br \/>\u00a0 Yijing &#8211; Die Entdeckung des Urspr\u00fcnglichen\u00a0\u00a0<\/span><\/h5>\t\t\t\t\t<\/div>\n\t\t\t\t\t\t<\/div>\n\t\t\t\t<\/div>\n\t\t\t\t\t\t<\/div>\n\t\t\t\t\t<\/div>\n\t\t<\/div>\n\t\t\t\t\t\t\t\t<\/div>\n\t\t\t\t\t<\/div>\n\t\t<\/section>\n\t\t\t\t<section class=\"elementor-section elementor-top-section elementor-element elementor-element-1a8eb6d elementor-section-boxed elementor-section-height-default elementor-section-height-default\" data-id=\"1a8eb6d\" data-element_type=\"section\">\n\t\t\t\t\t\t<div class=\"elementor-container elementor-column-gap-default\">\n\t\t\t\t\t\t\t<div class=\"elementor-row\">\n\t\t\t\t\t<div class=\"elementor-column elementor-col-100 elementor-top-column elementor-element elementor-element-387a99b\" data-id=\"387a99b\" data-element_type=\"column\">\n\t\t\t<div class=\"elementor-column-wrap elementor-element-populated\">\n\t\t\t\t\t\t\t<div class=\"elementor-widget-wrap\">\n\t\t\t\t\t\t<div class=\"elementor-element elementor-element-b1264ff elementor-widget elementor-widget-text-editor\" data-id=\"b1264ff\" data-element_type=\"widget\" data-widget_type=\"text-editor.default\">\n\t\t\t\t<div class=\"elementor-widget-container\">\n\t\t\t\t\t\t\t\t<div class=\"elementor-text-editor elementor-clearfix\">\n\t\t\t\t<h6>Yijing (I Ging), das Buch der Wandlung, ist voller Weisheit und Lebenshilfe.<br \/>Eine Philosophie, die Menschen in jeder Lebensphase zu erreichen vermag.<\/h6><p><span style=\"font-size: 17px;\">Wir werden nicht einfach nur geboren und sind dann in der Welt bis wir sterben. Stattdessen durchlaufen wir, beginnend im Mutterleib, einen stetigen Wandlungsprozess. Wir verzweigen uns mit unserem Bewusstsein nach und nach in diese Welt hinein, bis wir einen Umkehrpunkt erreicht haben und ziehen uns danach allm\u00e4hlich wieder aus ihr zur\u00fcck. Zwar haben wir in der Ausgestaltung individuelle Freiheiten. Dennoch folgt unser ganzes Wesen einem nat\u00fcrlichen Rhythmus von Auffaltung und Einfaltung.<\/span><\/p><p><span style=\"font-size: 17px;\">Unterteilt in sieben Lebensphasen, kann mein Buch \u201eYijing &#8211; die Entdeckung des Urspr\u00fcnglichen\u201c Leserinnen und Leser ein Leben lang unterst\u00fctzend begleiten.<\/span><\/p>\t\t\t\t\t<\/div>\n\t\t\t\t\t\t<\/div>\n\t\t\t\t<\/div>\n\t\t\t\t\t\t<\/div>\n\t\t\t\t\t<\/div>\n\t\t<\/div>\n\t\t\t\t\t\t\t\t<\/div>\n\t\t\t\t\t<\/div>\n\t\t<\/section>\n\t\t\t\t\t\t\t\t\t<\/div>\n\t\t\t<\/div>\n\t\t\t\t\t<\/div>\n\t\t","protected":false},"excerpt":{"rendered":"<p>\u00a0 Yijing &#8211; Die Entdeckung des Urspr\u00fcnglichen\u00a0\u00a0 Yijing (I Ging), das Buch der Wandlung, ist voller Weisheit und Lebenshilfe.Eine Philosophie, die Menschen in jeder Lebensphase zu erreichen vermag. Wir werden nicht einfach nur geboren und sind dann in der Welt bis wir sterben. Stattdessen durchlaufen wir, beginnend im Mutterleib, einen stetigen Wandlungsprozess. Wir verzweigen uns &hellip;<\/p>\n<p class=\"read-more\"> <a class=\"\" href=\"https:\/\/www.mariontschmelak.de\/wordpress\/yijing-i-ging\/\"> <span class=\"screen-reader-text\">Yijing &#8211; I Ging<\/span> Weiterlesen &raquo;<\/a><\/p>\n","protected":false},"author":1,"featured_media":0,"parent":0,"menu_order":0,"comment_status":"closed","ping_status":"closed","template":"","meta":{"site-sidebar-layout":"no-sidebar","site-content-layout":"page-builder","ast-main-header-display":"","ast-hfb-above-header-display":"","ast-hfb-below-header-display":"","ast-hfb-mobile-header-display":"","site-post-title":"disabled","ast-breadcrumbs-content":"","ast-featured-img":"disabled","footer-sml-layout":"","theme-transparent-header-meta":"default","adv-header-id-meta":"","stick-header-meta":"","header-above-stick-meta":"","header-main-stick-meta":"","header-below-stick-meta":""},"_links":{"self":[{"href":"https:\/\/www.mariontschmelak.de\/wordpress\/wp-json\/wp\/v2\/pages\/3345"}],"collection":[{"href":"https:\/\/www.mariontschmelak.de\/wordpress\/wp-json\/wp\/v2\/pages"}],"about":[{"href":"https:\/\/www.mariontschmelak.de\/wordpress\/wp-json\/wp\/v2\/types\/page"}],"author":[{"embeddable":true,"href":"https:\/\/www.mariontschmelak.de\/wordpress\/wp-json\/wp\/v2\/users\/1"}],"replies":[{"embeddable":true,"href":"https:\/\/www.mariontschmelak.de\/wordpress\/wp-json\/wp\/v2\/comments?post=3345"}],"version-history":[{"count":40,"href":"https:\/\/www.mariontschmelak.de\/wordpress\/wp-json\/wp\/v2\/pages\/3345\/revisions"}],"predecessor-version":[{"id":3576,"href":"https:\/\/www.mariontschmelak.de\/wordpress\/wp-json\/wp\/v2\/pages\/3345\/revisions\/3576"}],"wp:attachment":[{"href":"https:\/\/www.mariontschmelak.de\/wordpress\/wp-json\/wp\/v2\/media?parent=3345"}],"curies":[{"name":"wp","href":"https:\/\/api.w.org\/{rel}","templated":true}]}}