{"id":3392,"date":"2026-01-20T16:33:38","date_gmt":"2026-01-20T15:33:38","guid":{"rendered":"https:\/\/www.mariontschmelak.de\/wordpress\/?page_id=3392"},"modified":"2026-01-25T03:58:31","modified_gmt":"2026-01-25T02:58:31","slug":"leseprobe-2","status":"publish","type":"page","link":"https:\/\/www.mariontschmelak.de\/wordpress\/leseprobe-2\/","title":{"rendered":"Leseprobe"},"content":{"rendered":"\n<p>Wertvolle Perlen liegen tagt\u00e4glich vor unseren F\u00fc\u00dfen, ohne von uns beachtet zu werden. Wir m\u00fcssten sie nur aufheben. Im Naheliegenden ist eine gro\u00dfe S\u00e4ttigung zu finden, haben wir erst einmal den Deckmantel des Gew\u00f6hnlichen gel\u00fcftet. Die Sch\u00f6nheit des Naheliegenden herauszufiltern, vermag einem das Gef\u00fchl geben, angekommen zu sein. Das Sehnen nach \u201emehr, besser, weiter\u201c treibt uns nicht umtriebig voran.<br>Wir d\u00fcrfen auch sagen: \u201eEs ist gerade genug um mich.\u201c<br>Wir m\u00fcssen die Sch\u00e4tze des Naheliegenden nur freilegen und von unn\u00f6tigem Ballast befreien, sie pflegen und bewahren. So k\u00f6nnen sie ihre Wirkung entfalten.<br>Um mit Goethes Worten abzuschlie\u00dfen:<br>\u2026 Sieh, das Gute liegt so nah. Lerne nur das Gl\u00fcck ergreifen \u2026<\/p>\n\n\n\n<p><\/p>\n\n\n\n<p><\/p>\n","protected":false},"excerpt":{"rendered":"<p>Wertvolle Perlen liegen tagt\u00e4glich vor unseren F\u00fc\u00dfen, ohne von uns beachtet zu werden. Wir m\u00fcssten sie nur aufheben. Im Naheliegenden ist eine gro\u00dfe S\u00e4ttigung zu finden, haben wir erst einmal den Deckmantel des Gew\u00f6hnlichen gel\u00fcftet. Die Sch\u00f6nheit des Naheliegenden herauszufiltern, vermag einem das Gef\u00fchl geben, angekommen zu sein. Das Sehnen nach \u201emehr, besser, weiter\u201c treibt &hellip;<\/p>\n<p class=\"read-more\"> <a class=\"\" href=\"https:\/\/www.mariontschmelak.de\/wordpress\/leseprobe-2\/\"> <span class=\"screen-reader-text\">Leseprobe<\/span> Weiterlesen &raquo;<\/a><\/p>\n","protected":false},"author":1,"featured_media":0,"parent":0,"menu_order":0,"comment_status":"closed","ping_status":"closed","template":"","meta":{"site-sidebar-layout":"no-sidebar","site-content-layout":"default","ast-main-header-display":"","ast-hfb-above-header-display":"","ast-hfb-below-header-display":"","ast-hfb-mobile-header-display":"","site-post-title":"","ast-breadcrumbs-content":"disabled","ast-featured-img":"","footer-sml-layout":"","theme-transparent-header-meta":"default","adv-header-id-meta":"","stick-header-meta":"","header-above-stick-meta":"","header-main-stick-meta":"","header-below-stick-meta":""},"_links":{"self":[{"href":"https:\/\/www.mariontschmelak.de\/wordpress\/wp-json\/wp\/v2\/pages\/3392"}],"collection":[{"href":"https:\/\/www.mariontschmelak.de\/wordpress\/wp-json\/wp\/v2\/pages"}],"about":[{"href":"https:\/\/www.mariontschmelak.de\/wordpress\/wp-json\/wp\/v2\/types\/page"}],"author":[{"embeddable":true,"href":"https:\/\/www.mariontschmelak.de\/wordpress\/wp-json\/wp\/v2\/users\/1"}],"replies":[{"embeddable":true,"href":"https:\/\/www.mariontschmelak.de\/wordpress\/wp-json\/wp\/v2\/comments?post=3392"}],"version-history":[{"count":2,"href":"https:\/\/www.mariontschmelak.de\/wordpress\/wp-json\/wp\/v2\/pages\/3392\/revisions"}],"predecessor-version":[{"id":3395,"href":"https:\/\/www.mariontschmelak.de\/wordpress\/wp-json\/wp\/v2\/pages\/3392\/revisions\/3395"}],"wp:attachment":[{"href":"https:\/\/www.mariontschmelak.de\/wordpress\/wp-json\/wp\/v2\/media?parent=3392"}],"curies":[{"name":"wp","href":"https:\/\/api.w.org\/{rel}","templated":true}]}}