{"id":426,"date":"2020-11-03T16:32:52","date_gmt":"2020-11-03T15:32:52","guid":{"rendered":"https:\/\/www.mariontschmelak.de\/wordpress\/?page_id=426"},"modified":"2026-01-28T15:38:54","modified_gmt":"2026-01-28T14:38:54","slug":"sozial","status":"publish","type":"page","link":"https:\/\/www.mariontschmelak.de\/wordpress\/meine-themen\/sozial\/","title":{"rendered":"Sozial"},"content":{"rendered":"\t\t<div data-elementor-type=\"wp-page\" data-elementor-id=\"426\" class=\"elementor elementor-426\">\n\t\t\t\t\t\t<div class=\"elementor-inner\">\n\t\t\t\t<div class=\"elementor-section-wrap\">\n\t\t\t\t\t\t\t\t\t<section class=\"elementor-section elementor-top-section elementor-element elementor-element-2aacdbf elementor-section-boxed elementor-section-height-default elementor-section-height-default\" data-id=\"2aacdbf\" data-element_type=\"section\">\n\t\t\t\t\t\t<div class=\"elementor-container elementor-column-gap-default\">\n\t\t\t\t\t\t\t<div class=\"elementor-row\">\n\t\t\t\t\t<div class=\"elementor-column elementor-col-100 elementor-top-column elementor-element elementor-element-e6d53fc\" data-id=\"e6d53fc\" data-element_type=\"column\">\n\t\t\t<div class=\"elementor-column-wrap elementor-element-populated\">\n\t\t\t\t\t\t\t<div class=\"elementor-widget-wrap\">\n\t\t\t\t\t\t<div class=\"elementor-element elementor-element-8543549 elementor-widget elementor-widget-spacer\" data-id=\"8543549\" data-element_type=\"widget\" data-widget_type=\"spacer.default\">\n\t\t\t\t<div class=\"elementor-widget-container\">\n\t\t\t\t\t<div class=\"elementor-spacer\">\n\t\t\t<div class=\"elementor-spacer-inner\"><\/div>\n\t\t<\/div>\n\t\t\t\t<\/div>\n\t\t\t\t<\/div>\n\t\t\t\t\t\t<\/div>\n\t\t\t\t\t<\/div>\n\t\t<\/div>\n\t\t\t\t\t\t\t\t<\/div>\n\t\t\t\t\t<\/div>\n\t\t<\/section>\n\t\t\t\t<section class=\"elementor-section elementor-top-section elementor-element elementor-element-5762986 elementor-section-boxed elementor-section-height-default elementor-section-height-default\" data-id=\"5762986\" data-element_type=\"section\">\n\t\t\t\t\t\t<div class=\"elementor-container elementor-column-gap-default\">\n\t\t\t\t\t\t\t<div class=\"elementor-row\">\n\t\t\t\t\t<div class=\"elementor-column elementor-col-100 elementor-top-column elementor-element elementor-element-40c4dd2\" data-id=\"40c4dd2\" data-element_type=\"column\">\n\t\t\t<div class=\"elementor-column-wrap elementor-element-populated\">\n\t\t\t\t\t\t\t<div class=\"elementor-widget-wrap\">\n\t\t\t\t\t\t<div class=\"elementor-element elementor-element-66cc0ce elementor-widget elementor-widget-text-editor\" data-id=\"66cc0ce\" data-element_type=\"widget\" data-widget_type=\"text-editor.default\">\n\t\t\t\t<div class=\"elementor-widget-container\">\n\t\t\t\t\t\t\t\t<div class=\"elementor-text-editor elementor-clearfix\">\n\t\t\t\t<p style=\"text-align: center;\">&#8222;Unsere Gesellschaft ist eine reziproke, also eine wechselseitige Gesellschaft: <br \/>Ich gebe euch meine F\u00e4higkeiten und mein K\u00f6nnen, meine Arbeitskraft, <br \/>meine F\u00fcrsorge so gut es gerade geht, und wann immer es euch m\u00f6glich ist, <br \/>gebt ihr mir eure.&#8220;<\/p><p style=\"margin: 0cm 0cm 0.0001pt; background: white; text-align: center;\"><span style=\"font-size: 10.0pt;\">Shangri La \u2013 Sch\u00f6ne neue Welt<\/span><\/p><p style=\"margin: 0cm 0cm 0.0001pt; background: white; text-align: center;\"><span style=\"font-size: 10.0pt;\">\u00a0<\/span><\/p>\t\t\t\t\t<\/div>\n\t\t\t\t\t\t<\/div>\n\t\t\t\t<\/div>\n\t\t\t\t\t\t<\/div>\n\t\t\t\t\t<\/div>\n\t\t<\/div>\n\t\t\t\t\t\t\t\t<\/div>\n\t\t\t\t\t<\/div>\n\t\t<\/section>\n\t\t\t\t<section class=\"elementor-section elementor-top-section elementor-element elementor-element-b311ec4 elementor-section-boxed elementor-section-height-default elementor-section-height-default\" data-id=\"b311ec4\" data-element_type=\"section\">\n\t\t\t\t\t\t<div class=\"elementor-container elementor-column-gap-default\">\n\t\t\t\t\t\t\t<div class=\"elementor-row\">\n\t\t\t\t\t<div class=\"elementor-column elementor-col-100 elementor-top-column elementor-element elementor-element-4944528\" data-id=\"4944528\" data-element_type=\"column\">\n\t\t\t<div class=\"elementor-column-wrap elementor-element-populated\">\n\t\t\t\t\t\t\t<div class=\"elementor-widget-wrap\">\n\t\t\t\t\t\t<div class=\"elementor-element elementor-element-5174ef5 elementor-widget elementor-widget-text-editor\" data-id=\"5174ef5\" data-element_type=\"widget\" data-widget_type=\"text-editor.default\">\n\t\t\t\t<div class=\"elementor-widget-container\">\n\t\t\t\t\t\t\t\t<div class=\"elementor-text-editor elementor-clearfix\">\n\t\t\t\t<h5 style=\"text-align: left;\">Wir alle sind zutiefst soziale Wesen und stehen in Wechselbeziehung mit den uns umgebenden Wesen und Dingen.<br \/>Wir werden fundamental vom Milieu gepr\u00e4gt, das uns umgibt.<\/h5><h5 style=\"text-align: left;\">Soziale Verantwortung zu \u00fcbernehmen, hei\u00dft darum auch immer, ein Milieu zu schaffen, das gesunderhaltend, f\u00f6rdernd, naturgem\u00e4\u00df und befriedet ist. Funktionalit\u00e4t darf \u00c4sthetik und harmonisches Zusammenspiel nicht verdr\u00e4ngen, damit gesunderhaltende Lebensqualit\u00e4t sich nicht abschw\u00e4cht.<br \/>Statusdenken, das noch immer pr\u00e4gend Gesellschaften durchzieht, \u00fcberdeckt die M\u00f6glichkeit, den Fokus auf Wechselseitigkeit und Kooperation zu legen. Die Vorteile einer reziproken Gesellschaft zu pr\u00fcfen und diese umzusetzen, w\u00e4re zeitgem\u00e4\u00df.<br \/>Kooperation ist das Schl\u00fcsselwort unserer Zeit.<\/h5><p style=\"text-align: left;\">.<\/p>\t\t\t\t\t<\/div>\n\t\t\t\t\t\t<\/div>\n\t\t\t\t<\/div>\n\t\t\t\t\t\t<\/div>\n\t\t\t\t\t<\/div>\n\t\t<\/div>\n\t\t\t\t\t\t\t\t<\/div>\n\t\t\t\t\t<\/div>\n\t\t<\/section>\n\t\t\t\t\t\t\t\t\t<\/div>\n\t\t\t<\/div>\n\t\t\t\t\t<\/div>\n\t\t","protected":false},"excerpt":{"rendered":"<p>&#8222;Unsere Gesellschaft ist eine reziproke, also eine wechselseitige Gesellschaft: Ich gebe euch meine F\u00e4higkeiten und mein K\u00f6nnen, meine Arbeitskraft, meine F\u00fcrsorge so gut es gerade geht, und wann immer es euch m\u00f6glich ist, gebt ihr mir eure.&#8220; Shangri La \u2013 Sch\u00f6ne neue Welt \u00a0 Wir alle sind zutiefst soziale Wesen und stehen in Wechselbeziehung mit &hellip;<\/p>\n<p class=\"read-more\"> <a class=\"\" href=\"https:\/\/www.mariontschmelak.de\/wordpress\/meine-themen\/sozial\/\"> <span class=\"screen-reader-text\">Sozial<\/span> Weiterlesen &raquo;<\/a><\/p>\n","protected":false},"author":1,"featured_media":0,"parent":153,"menu_order":0,"comment_status":"closed","ping_status":"closed","template":"","meta":{"site-sidebar-layout":"no-sidebar","site-content-layout":"page-builder","ast-main-header-display":"","ast-hfb-above-header-display":"","ast-hfb-below-header-display":"","ast-hfb-mobile-header-display":"","site-post-title":"disabled","ast-breadcrumbs-content":"","ast-featured-img":"disabled","footer-sml-layout":"","theme-transparent-header-meta":"default","adv-header-id-meta":"","stick-header-meta":"","header-above-stick-meta":"","header-main-stick-meta":"","header-below-stick-meta":""},"_links":{"self":[{"href":"https:\/\/www.mariontschmelak.de\/wordpress\/wp-json\/wp\/v2\/pages\/426"}],"collection":[{"href":"https:\/\/www.mariontschmelak.de\/wordpress\/wp-json\/wp\/v2\/pages"}],"about":[{"href":"https:\/\/www.mariontschmelak.de\/wordpress\/wp-json\/wp\/v2\/types\/page"}],"author":[{"embeddable":true,"href":"https:\/\/www.mariontschmelak.de\/wordpress\/wp-json\/wp\/v2\/users\/1"}],"replies":[{"embeddable":true,"href":"https:\/\/www.mariontschmelak.de\/wordpress\/wp-json\/wp\/v2\/comments?post=426"}],"version-history":[{"count":36,"href":"https:\/\/www.mariontschmelak.de\/wordpress\/wp-json\/wp\/v2\/pages\/426\/revisions"}],"predecessor-version":[{"id":3478,"href":"https:\/\/www.mariontschmelak.de\/wordpress\/wp-json\/wp\/v2\/pages\/426\/revisions\/3478"}],"up":[{"embeddable":true,"href":"https:\/\/www.mariontschmelak.de\/wordpress\/wp-json\/wp\/v2\/pages\/153"}],"wp:attachment":[{"href":"https:\/\/www.mariontschmelak.de\/wordpress\/wp-json\/wp\/v2\/media?parent=426"}],"curies":[{"name":"wp","href":"https:\/\/api.w.org\/{rel}","templated":true}]}}