{"id":443,"date":"2020-11-03T18:43:45","date_gmt":"2020-11-03T17:43:45","guid":{"rendered":"https:\/\/www.mariontschmelak.de\/wordpress\/?page_id=443"},"modified":"2021-02-18T08:16:37","modified_gmt":"2021-02-18T07:16:37","slug":"ethisch","status":"publish","type":"page","link":"https:\/\/www.mariontschmelak.de\/wordpress\/meine-themen\/ethisch\/","title":{"rendered":"Ethisch"},"content":{"rendered":"\t\t<div data-elementor-type=\"wp-page\" data-elementor-id=\"443\" class=\"elementor elementor-443\">\n\t\t\t\t\t\t<div class=\"elementor-inner\">\n\t\t\t\t<div class=\"elementor-section-wrap\">\n\t\t\t\t\t\t\t\t\t<section class=\"elementor-section elementor-top-section elementor-element elementor-element-1c5bf22 elementor-section-boxed elementor-section-height-default elementor-section-height-default\" data-id=\"1c5bf22\" data-element_type=\"section\">\n\t\t\t\t\t\t<div class=\"elementor-container elementor-column-gap-default\">\n\t\t\t\t\t\t\t<div class=\"elementor-row\">\n\t\t\t\t\t<div class=\"elementor-column elementor-col-100 elementor-top-column elementor-element elementor-element-174b551\" data-id=\"174b551\" data-element_type=\"column\">\n\t\t\t<div class=\"elementor-column-wrap elementor-element-populated\">\n\t\t\t\t\t\t\t<div class=\"elementor-widget-wrap\">\n\t\t\t\t\t\t<div class=\"elementor-element elementor-element-7f72c2e elementor-widget elementor-widget-spacer\" data-id=\"7f72c2e\" data-element_type=\"widget\" data-widget_type=\"spacer.default\">\n\t\t\t\t<div class=\"elementor-widget-container\">\n\t\t\t\t\t<div class=\"elementor-spacer\">\n\t\t\t<div class=\"elementor-spacer-inner\"><\/div>\n\t\t<\/div>\n\t\t\t\t<\/div>\n\t\t\t\t<\/div>\n\t\t\t\t\t\t<\/div>\n\t\t\t\t\t<\/div>\n\t\t<\/div>\n\t\t\t\t\t\t\t\t<\/div>\n\t\t\t\t\t<\/div>\n\t\t<\/section>\n\t\t\t\t<section class=\"elementor-section elementor-top-section elementor-element elementor-element-feae530 elementor-section-boxed elementor-section-height-default elementor-section-height-default\" data-id=\"feae530\" data-element_type=\"section\">\n\t\t\t\t\t\t<div class=\"elementor-container elementor-column-gap-default\">\n\t\t\t\t\t\t\t<div class=\"elementor-row\">\n\t\t\t\t\t<div class=\"elementor-column elementor-col-100 elementor-top-column elementor-element elementor-element-ed1eb12\" data-id=\"ed1eb12\" data-element_type=\"column\">\n\t\t\t<div class=\"elementor-column-wrap elementor-element-populated\">\n\t\t\t\t\t\t\t<div class=\"elementor-widget-wrap\">\n\t\t\t\t\t\t<div class=\"elementor-element elementor-element-2a71501 elementor-widget elementor-widget-text-editor\" data-id=\"2a71501\" data-element_type=\"widget\" data-widget_type=\"text-editor.default\">\n\t\t\t\t<div class=\"elementor-widget-container\">\n\t\t\t\t\t\t\t\t<div class=\"elementor-text-editor elementor-clearfix\">\n\t\t\t\t<h6><span style=\"color: #7e0d0d;\">O lerne Denken mit dem Herzen,<br \/>und F\u00fchlen mit dem Geist.<\/span><\/h6><p style=\"margin: 0cm; margin-bottom: .0001pt; background: white;\"><span style=\"font-size: 10pt; color: #7e0d0d;\">Theodor Fontane<\/span><\/p><p><span style=\"color: #7e0d0d;\"> \u00a0<\/span><\/p>\t\t\t\t\t<\/div>\n\t\t\t\t\t\t<\/div>\n\t\t\t\t<\/div>\n\t\t\t\t<div class=\"elementor-element elementor-element-7ba42cd elementor-widget elementor-widget-text-editor\" data-id=\"7ba42cd\" data-element_type=\"widget\" data-widget_type=\"text-editor.default\">\n\t\t\t\t<div class=\"elementor-widget-container\">\n\t\t\t\t\t\t\t\t<div class=\"elementor-text-editor elementor-clearfix\">\n\t\t\t\t<h5>Ethisches Verhalten impliziert, seine eigenen Handlungen empathisch auf seine Wirkung auf andere und das umgebende Gesellschaftssystem zu pr\u00fcfen.<\/h5><h5>Da, wo ethisches Denken nicht aus eigenem empathischem Empfinden heraus erw\u00e4chst, setzt Moral als \u00e4u\u00dfere Zensur ein. Moral, als ausgewogenes Regelwerk gedacht, kann als Zwischenphase verstanden werden, bis eigenes reflektiertes Handeln von einem tiefen Bed\u00fcrfnis getragen wird, eigenverantwortlich dem Gemeinwohl dienlich und f\u00f6rderlich f\u00fcr menschliches Wohlergehen zu sein, ohne sich selbst und seine wesentlichen Bed\u00fcrfnisse au\u00dfer Acht zu lassen.<\/h5><h5>Eine wichtige Voraussetzung f\u00fcr ethisches Empfinden ist, sich seiner inneren Motivation f\u00fcr ein bestimmtes Agieren bewusst zu sein, also seine hellen und dunklen Wesensanteile zu kennen. Wege zu finden, beiden gem\u00e4\u00dfigten und konstruktiven Raum zu geben sich auszudr\u00fccken, ohne dabei anderen oder dem umgebenden Milieu Schaden zuzuf\u00fcgen, ist nicht nur eine individuelle, sondern auch eine gesellschaftliche Aufgabe.<\/h5>\t\t\t\t\t<\/div>\n\t\t\t\t\t\t<\/div>\n\t\t\t\t<\/div>\n\t\t\t\t\t\t<\/div>\n\t\t\t\t\t<\/div>\n\t\t<\/div>\n\t\t\t\t\t\t\t\t<\/div>\n\t\t\t\t\t<\/div>\n\t\t<\/section>\n\t\t\t\t<section class=\"elementor-section elementor-top-section elementor-element elementor-element-2cb1497 elementor-section-boxed elementor-section-height-default elementor-section-height-default\" data-id=\"2cb1497\" data-element_type=\"section\">\n\t\t\t\t\t\t<div class=\"elementor-container elementor-column-gap-default\">\n\t\t\t\t\t\t\t<div class=\"elementor-row\">\n\t\t\t\t\t<div class=\"elementor-column elementor-col-100 elementor-top-column elementor-element elementor-element-0f02f6b\" data-id=\"0f02f6b\" data-element_type=\"column\">\n\t\t\t<div class=\"elementor-column-wrap\">\n\t\t\t\t\t\t\t<div class=\"elementor-widget-wrap\">\n\t\t\t\t\t\t\t\t<\/div>\n\t\t\t\t\t<\/div>\n\t\t<\/div>\n\t\t\t\t\t\t\t\t<\/div>\n\t\t\t\t\t<\/div>\n\t\t<\/section>\n\t\t\t\t\t\t\t\t\t<\/div>\n\t\t\t<\/div>\n\t\t\t\t\t<\/div>\n\t\t","protected":false},"excerpt":{"rendered":"<p>O lerne Denken mit dem Herzen,und F\u00fchlen mit dem Geist. Theodor Fontane \u00a0 Ethisches Verhalten impliziert, seine eigenen Handlungen empathisch auf seine Wirkung auf andere und das umgebende Gesellschaftssystem zu pr\u00fcfen. Da, wo ethisches Denken nicht aus eigenem empathischem Empfinden heraus erw\u00e4chst, setzt Moral als \u00e4u\u00dfere Zensur ein. Moral, als ausgewogenes Regelwerk gedacht, kann als &hellip;<\/p>\n<p class=\"read-more\"> <a class=\"\" href=\"https:\/\/www.mariontschmelak.de\/wordpress\/meine-themen\/ethisch\/\"> <span class=\"screen-reader-text\">Ethisch<\/span> Weiterlesen &raquo;<\/a><\/p>\n","protected":false},"author":1,"featured_media":0,"parent":153,"menu_order":0,"comment_status":"closed","ping_status":"closed","template":"","meta":{"site-sidebar-layout":"no-sidebar","site-content-layout":"page-builder","ast-main-header-display":"","ast-hfb-above-header-display":"","ast-hfb-below-header-display":"","ast-hfb-mobile-header-display":"","site-post-title":"disabled","ast-breadcrumbs-content":"","ast-featured-img":"disabled","footer-sml-layout":"","theme-transparent-header-meta":"default","adv-header-id-meta":"","stick-header-meta":"","header-above-stick-meta":"","header-main-stick-meta":"","header-below-stick-meta":""},"_links":{"self":[{"href":"https:\/\/www.mariontschmelak.de\/wordpress\/wp-json\/wp\/v2\/pages\/443"}],"collection":[{"href":"https:\/\/www.mariontschmelak.de\/wordpress\/wp-json\/wp\/v2\/pages"}],"about":[{"href":"https:\/\/www.mariontschmelak.de\/wordpress\/wp-json\/wp\/v2\/types\/page"}],"author":[{"embeddable":true,"href":"https:\/\/www.mariontschmelak.de\/wordpress\/wp-json\/wp\/v2\/users\/1"}],"replies":[{"embeddable":true,"href":"https:\/\/www.mariontschmelak.de\/wordpress\/wp-json\/wp\/v2\/comments?post=443"}],"version-history":[{"count":28,"href":"https:\/\/www.mariontschmelak.de\/wordpress\/wp-json\/wp\/v2\/pages\/443\/revisions"}],"predecessor-version":[{"id":1686,"href":"https:\/\/www.mariontschmelak.de\/wordpress\/wp-json\/wp\/v2\/pages\/443\/revisions\/1686"}],"up":[{"embeddable":true,"href":"https:\/\/www.mariontschmelak.de\/wordpress\/wp-json\/wp\/v2\/pages\/153"}],"wp:attachment":[{"href":"https:\/\/www.mariontschmelak.de\/wordpress\/wp-json\/wp\/v2\/media?parent=443"}],"curies":[{"name":"wp","href":"https:\/\/api.w.org\/{rel}","templated":true}]}}