{"id":451,"date":"2020-11-03T18:52:28","date_gmt":"2020-11-03T17:52:28","guid":{"rendered":"https:\/\/www.mariontschmelak.de\/wordpress\/?page_id=451"},"modified":"2021-02-18T08:18:00","modified_gmt":"2021-02-18T07:18:00","slug":"liberal","status":"publish","type":"page","link":"https:\/\/www.mariontschmelak.de\/wordpress\/meine-themen\/liberal\/","title":{"rendered":"Liberal"},"content":{"rendered":"\t\t<div data-elementor-type=\"wp-page\" data-elementor-id=\"451\" class=\"elementor elementor-451\">\n\t\t\t\t\t\t<div class=\"elementor-inner\">\n\t\t\t\t<div class=\"elementor-section-wrap\">\n\t\t\t\t\t\t\t\t\t<section class=\"elementor-section elementor-top-section elementor-element elementor-element-a59df9d elementor-section-boxed elementor-section-height-default elementor-section-height-default\" data-id=\"a59df9d\" data-element_type=\"section\">\n\t\t\t\t\t\t<div class=\"elementor-container elementor-column-gap-default\">\n\t\t\t\t\t\t\t<div class=\"elementor-row\">\n\t\t\t\t\t<div class=\"elementor-column elementor-col-100 elementor-top-column elementor-element elementor-element-d4e4b22\" data-id=\"d4e4b22\" data-element_type=\"column\">\n\t\t\t<div class=\"elementor-column-wrap elementor-element-populated\">\n\t\t\t\t\t\t\t<div class=\"elementor-widget-wrap\">\n\t\t\t\t\t\t<div class=\"elementor-element elementor-element-2f74acb elementor-widget elementor-widget-spacer\" data-id=\"2f74acb\" data-element_type=\"widget\" data-widget_type=\"spacer.default\">\n\t\t\t\t<div class=\"elementor-widget-container\">\n\t\t\t\t\t<div class=\"elementor-spacer\">\n\t\t\t<div class=\"elementor-spacer-inner\"><\/div>\n\t\t<\/div>\n\t\t\t\t<\/div>\n\t\t\t\t<\/div>\n\t\t\t\t\t\t<\/div>\n\t\t\t\t\t<\/div>\n\t\t<\/div>\n\t\t\t\t\t\t\t\t<\/div>\n\t\t\t\t\t<\/div>\n\t\t<\/section>\n\t\t\t\t<section class=\"elementor-section elementor-top-section elementor-element elementor-element-452fc71 elementor-section-boxed elementor-section-height-default elementor-section-height-default\" data-id=\"452fc71\" data-element_type=\"section\">\n\t\t\t\t\t\t<div class=\"elementor-container elementor-column-gap-default\">\n\t\t\t\t\t\t\t<div class=\"elementor-row\">\n\t\t\t\t\t<div class=\"elementor-column elementor-col-100 elementor-top-column elementor-element elementor-element-f23f3db\" data-id=\"f23f3db\" data-element_type=\"column\">\n\t\t\t<div class=\"elementor-column-wrap elementor-element-populated\">\n\t\t\t\t\t\t\t<div class=\"elementor-widget-wrap\">\n\t\t\t\t\t\t<div class=\"elementor-element elementor-element-7706718 elementor-widget elementor-widget-text-editor\" data-id=\"7706718\" data-element_type=\"widget\" data-widget_type=\"text-editor.default\">\n\t\t\t\t<div class=\"elementor-widget-container\">\n\t\t\t\t\t\t\t\t<div class=\"elementor-text-editor elementor-clearfix\">\n\t\t\t\t<h6><span style=\"color: #7e0d0d;\">&#8222;Die Freiheit des Menschen liegt nicht darin,<br \/>dass er tun kann, was er will,<br \/>sondern, dass er nicht tun muss,<br \/>was er nicht will.&#8220;<\/span><\/h6><p style=\"margin: 0cm; margin-bottom: .0001pt; background: white;\"><span style=\"font-size: 10.0pt;\">Jean-Jacques Rousseau<\/span><\/p><p style=\"margin: 0cm; margin-bottom: .0001pt; background: white;\"><span style=\"font-size: 10.0pt;\">\u00a0<\/span><\/p>\t\t\t\t\t<\/div>\n\t\t\t\t\t\t<\/div>\n\t\t\t\t<\/div>\n\t\t\t\t\t\t<\/div>\n\t\t\t\t\t<\/div>\n\t\t<\/div>\n\t\t\t\t\t\t\t\t<\/div>\n\t\t\t\t\t<\/div>\n\t\t<\/section>\n\t\t\t\t<section class=\"elementor-section elementor-top-section elementor-element elementor-element-3540ef6 elementor-section-boxed elementor-section-height-default elementor-section-height-default\" data-id=\"3540ef6\" data-element_type=\"section\">\n\t\t\t\t\t\t<div class=\"elementor-container elementor-column-gap-default\">\n\t\t\t\t\t\t\t<div class=\"elementor-row\">\n\t\t\t\t\t<div class=\"elementor-column elementor-col-100 elementor-top-column elementor-element elementor-element-29bb60d\" data-id=\"29bb60d\" data-element_type=\"column\">\n\t\t\t<div class=\"elementor-column-wrap elementor-element-populated\">\n\t\t\t\t\t\t\t<div class=\"elementor-widget-wrap\">\n\t\t\t\t\t\t<div class=\"elementor-element elementor-element-843ee33 elementor-widget elementor-widget-text-editor\" data-id=\"843ee33\" data-element_type=\"widget\" data-widget_type=\"text-editor.default\">\n\t\t\t\t<div class=\"elementor-widget-container\">\n\t\t\t\t\t\t\t\t<div class=\"elementor-text-editor elementor-clearfix\">\n\t\t\t\t<h5>Ist die Form des Ausschlussverfahrens ein guter Weg zur Freiheit?<\/h5><h5>F\u00fcr viele Menschen ist es leichter zu sagen, was sie nicht wollen, als das, was sie wollen. Vorausgesetzt, das eigene Wollen ist nicht haupts\u00e4chlich auf Erf\u00fcllung hedonistischer W\u00fcnsche ausgerichtet. Es ben\u00f6tigt schon ein gewisses Ma\u00df an Freiheit als Vorbedingung, um herausfinden zu k\u00f6nnen, was dem eigenen tieferliegenden Willen entspricht. Seinen Willen in \u00dcbereinstimmung mit der Entfaltung seines eigenen Potentials zu bringen, hebt das Wollen auf eine ausgereifte Stufe.<\/h5><h5>Wer nicht in Besitz seiner eigenen Lebenszeit, seiner eigenen Kraft oder seiner eigenen Entscheidungsf\u00e4higkeit ist, kann schnell eine Empfindung von Fremdbestimmtheit erfahren. Ein eigenm\u00e4chtiges Leben zu f\u00fchren, erfordert aber die Auswirkungen seiner Handlungen eigenverantwortlich tragen zu k\u00f6nnen und bedeutet nicht selten auch Verzicht zugunsten etwas \u00dcbergeordnetem. Vor allem anderen aber vermittelt es eine Empfindung von Lebendigkeit und Intensit\u00e4t.<\/h5><h5>Freiheit auf Kosten anderer hat den eigenen Verlust von Freiheit und pers\u00f6nlicher Reife zur Folge, da dieses Verhalten zu Verstrickung durch Polarisierung f\u00fchrt, was letztendlich beiden Parteien schaden wird. Oft genug ist es nur eine Frage der Zeit.\u00a0<\/h5>\t\t\t\t\t<\/div>\n\t\t\t\t\t\t<\/div>\n\t\t\t\t<\/div>\n\t\t\t\t\t\t<\/div>\n\t\t\t\t\t<\/div>\n\t\t<\/div>\n\t\t\t\t\t\t\t\t<\/div>\n\t\t\t\t\t<\/div>\n\t\t<\/section>\n\t\t\t\t\t\t\t\t\t<\/div>\n\t\t\t<\/div>\n\t\t\t\t\t<\/div>\n\t\t","protected":false},"excerpt":{"rendered":"<p>&#8222;Die Freiheit des Menschen liegt nicht darin,dass er tun kann, was er will,sondern, dass er nicht tun muss,was er nicht will.&#8220; Jean-Jacques Rousseau \u00a0 Ist die Form des Ausschlussverfahrens ein guter Weg zur Freiheit? F\u00fcr viele Menschen ist es leichter zu sagen, was sie nicht wollen, als das, was sie wollen. Vorausgesetzt, das eigene Wollen &hellip;<\/p>\n<p class=\"read-more\"> <a class=\"\" href=\"https:\/\/www.mariontschmelak.de\/wordpress\/meine-themen\/liberal\/\"> <span class=\"screen-reader-text\">Liberal<\/span> Weiterlesen &raquo;<\/a><\/p>\n","protected":false},"author":1,"featured_media":0,"parent":153,"menu_order":0,"comment_status":"closed","ping_status":"closed","template":"","meta":{"site-sidebar-layout":"no-sidebar","site-content-layout":"page-builder","ast-main-header-display":"","ast-hfb-above-header-display":"","ast-hfb-below-header-display":"","ast-hfb-mobile-header-display":"","site-post-title":"disabled","ast-breadcrumbs-content":"","ast-featured-img":"disabled","footer-sml-layout":"","theme-transparent-header-meta":"default","adv-header-id-meta":"","stick-header-meta":"","header-above-stick-meta":"","header-main-stick-meta":"","header-below-stick-meta":""},"_links":{"self":[{"href":"https:\/\/www.mariontschmelak.de\/wordpress\/wp-json\/wp\/v2\/pages\/451"}],"collection":[{"href":"https:\/\/www.mariontschmelak.de\/wordpress\/wp-json\/wp\/v2\/pages"}],"about":[{"href":"https:\/\/www.mariontschmelak.de\/wordpress\/wp-json\/wp\/v2\/types\/page"}],"author":[{"embeddable":true,"href":"https:\/\/www.mariontschmelak.de\/wordpress\/wp-json\/wp\/v2\/users\/1"}],"replies":[{"embeddable":true,"href":"https:\/\/www.mariontschmelak.de\/wordpress\/wp-json\/wp\/v2\/comments?post=451"}],"version-history":[{"count":39,"href":"https:\/\/www.mariontschmelak.de\/wordpress\/wp-json\/wp\/v2\/pages\/451\/revisions"}],"predecessor-version":[{"id":1692,"href":"https:\/\/www.mariontschmelak.de\/wordpress\/wp-json\/wp\/v2\/pages\/451\/revisions\/1692"}],"up":[{"embeddable":true,"href":"https:\/\/www.mariontschmelak.de\/wordpress\/wp-json\/wp\/v2\/pages\/153"}],"wp:attachment":[{"href":"https:\/\/www.mariontschmelak.de\/wordpress\/wp-json\/wp\/v2\/media?parent=451"}],"curies":[{"name":"wp","href":"https:\/\/api.w.org\/{rel}","templated":true}]}}