{"id":455,"date":"2020-11-03T18:56:06","date_gmt":"2020-11-03T17:56:06","guid":{"rendered":"https:\/\/www.mariontschmelak.de\/wordpress\/?page_id=455"},"modified":"2022-10-02T19:48:33","modified_gmt":"2022-10-02T17:48:33","slug":"philosophisch-2","status":"publish","type":"page","link":"https:\/\/www.mariontschmelak.de\/wordpress\/meine-themen\/philosophisch-2\/","title":{"rendered":"Philosophisch"},"content":{"rendered":"\t\t<div data-elementor-type=\"wp-page\" data-elementor-id=\"455\" class=\"elementor elementor-455\">\n\t\t\t\t\t\t<div class=\"elementor-inner\">\n\t\t\t\t<div class=\"elementor-section-wrap\">\n\t\t\t\t\t\t\t\t\t<section class=\"elementor-section elementor-top-section elementor-element elementor-element-3fe8711 elementor-section-boxed elementor-section-height-default elementor-section-height-default\" data-id=\"3fe8711\" data-element_type=\"section\">\n\t\t\t\t\t\t<div class=\"elementor-container elementor-column-gap-default\">\n\t\t\t\t\t\t\t<div class=\"elementor-row\">\n\t\t\t\t\t<div class=\"elementor-column elementor-col-100 elementor-top-column elementor-element elementor-element-85d101b\" data-id=\"85d101b\" data-element_type=\"column\">\n\t\t\t<div class=\"elementor-column-wrap elementor-element-populated\">\n\t\t\t\t\t\t\t<div class=\"elementor-widget-wrap\">\n\t\t\t\t\t\t<div class=\"elementor-element elementor-element-a82ab42 elementor-widget elementor-widget-spacer\" data-id=\"a82ab42\" data-element_type=\"widget\" data-widget_type=\"spacer.default\">\n\t\t\t\t<div class=\"elementor-widget-container\">\n\t\t\t\t\t<div class=\"elementor-spacer\">\n\t\t\t<div class=\"elementor-spacer-inner\"><\/div>\n\t\t<\/div>\n\t\t\t\t<\/div>\n\t\t\t\t<\/div>\n\t\t\t\t\t\t<\/div>\n\t\t\t\t\t<\/div>\n\t\t<\/div>\n\t\t\t\t\t\t\t\t<\/div>\n\t\t\t\t\t<\/div>\n\t\t<\/section>\n\t\t\t\t<section class=\"elementor-section elementor-top-section elementor-element elementor-element-d3b8ea4 elementor-section-boxed elementor-section-height-default elementor-section-height-default\" data-id=\"d3b8ea4\" data-element_type=\"section\">\n\t\t\t\t\t\t<div class=\"elementor-container elementor-column-gap-default\">\n\t\t\t\t\t\t\t<div class=\"elementor-row\">\n\t\t\t\t\t<div class=\"elementor-column elementor-col-100 elementor-top-column elementor-element elementor-element-60e91f0\" data-id=\"60e91f0\" data-element_type=\"column\">\n\t\t\t<div class=\"elementor-column-wrap elementor-element-populated\">\n\t\t\t\t\t\t\t<div class=\"elementor-widget-wrap\">\n\t\t\t\t\t\t<div class=\"elementor-element elementor-element-cfc23dc elementor-widget elementor-widget-text-editor\" data-id=\"cfc23dc\" data-element_type=\"widget\" data-widget_type=\"text-editor.default\">\n\t\t\t\t<div class=\"elementor-widget-container\">\n\t\t\t\t\t\t\t\t<div class=\"elementor-text-editor elementor-clearfix\">\n\t\t\t\t<h5 style=\"text-align: center;\"><span style=\"color: #7e0d0d;\">Die Welt ist weit mehr auf Wechselwirkungen begr\u00fcndet als auf Kausalit\u00e4ten.<\/span><\/h5>\t\t\t\t\t<\/div>\n\t\t\t\t\t\t<\/div>\n\t\t\t\t<\/div>\n\t\t\t\t\t\t<\/div>\n\t\t\t\t\t<\/div>\n\t\t<\/div>\n\t\t\t\t\t\t\t\t<\/div>\n\t\t\t\t\t<\/div>\n\t\t<\/section>\n\t\t\t\t<section class=\"elementor-section elementor-top-section elementor-element elementor-element-8e697cb elementor-section-boxed elementor-section-height-default elementor-section-height-default\" data-id=\"8e697cb\" data-element_type=\"section\">\n\t\t\t\t\t\t<div class=\"elementor-container elementor-column-gap-default\">\n\t\t\t\t\t\t\t<div class=\"elementor-row\">\n\t\t\t\t\t<div class=\"elementor-column elementor-col-100 elementor-top-column elementor-element elementor-element-b6943f4\" data-id=\"b6943f4\" data-element_type=\"column\">\n\t\t\t<div class=\"elementor-column-wrap elementor-element-populated\">\n\t\t\t\t\t\t\t<div class=\"elementor-widget-wrap\">\n\t\t\t\t\t\t<div class=\"elementor-element elementor-element-cfd98de elementor-widget elementor-widget-text-editor\" data-id=\"cfd98de\" data-element_type=\"widget\" data-widget_type=\"text-editor.default\">\n\t\t\t\t<div class=\"elementor-widget-container\">\n\t\t\t\t\t\t\t\t<div class=\"elementor-text-editor elementor-clearfix\">\n\t\t\t\t<h5>Philosophie als liebgewonnene Bet\u00e4tigung, etablierte Weltanschauungen kritisch zu hinterfragen und seine eigene Sichtweise auf die Welt immer wieder neu in Frage zu stellen. So kann es gelingen, einmal von differenziertem, fokussiertem Betrachten zur\u00fcckzutreten und danach zu streben, die Welt in ihren Zusammenh\u00e4ngen zu erkennen.<\/h5><h5>Diese Vorgehensweise gleicht einem Versuch, ein tiefgehendes Verst\u00e4ndnis \u00fcber Gesetzm\u00e4\u00dfigkeiten zu gewinnen und sie in Bezug zum eigenen Leben und zur Gesellschaftsordnung zu setzen. Ein Zusammenf\u00fcgen von Einzelteilen, das es einem erm\u00f6glicht, ein Gesamtkonzept, ein \u00fcbergeordnetes Prinzip zu entdecken.\u00a0<\/h5><h5>Philosophisches Gedankengut darf sich jedoch nicht in geistige H\u00f6henfl\u00fcge verfl\u00fcchtigen. Eigene philosophische Erkenntnisse beinhalten die Aufforderung, nachhaltig allt\u00e4gliches Leben zu verbessern und sich darin zu bew\u00e4hren.<\/h5><h5>Reicht systemisches Denken, Sprechen und Handeln aus? Um das Nicht-Offensichtliche zu ergr\u00fcnden, bedarf es auch k\u00f6rperlicher Erfahrung. So k\u00f6nnen unsere Sinne und Emotionen ein hervorragendes Instrument darstellen, sich \u00fcber sein eigenes konzeptuelles Begreifen hinauszubewegen. \u00dcber den ganzen K\u00f6rper, nicht nur \u00fcber den Denkvorgang, kann das Nicht-Sichtbare erfahrbar werden.<\/h5>\t\t\t\t\t<\/div>\n\t\t\t\t\t\t<\/div>\n\t\t\t\t<\/div>\n\t\t\t\t\t\t<\/div>\n\t\t\t\t\t<\/div>\n\t\t<\/div>\n\t\t\t\t\t\t\t\t<\/div>\n\t\t\t\t\t<\/div>\n\t\t<\/section>\n\t\t\t\t\t\t\t\t\t<\/div>\n\t\t\t<\/div>\n\t\t\t\t\t<\/div>\n\t\t","protected":false},"excerpt":{"rendered":"<p>Die Welt ist weit mehr auf Wechselwirkungen begr\u00fcndet als auf Kausalit\u00e4ten. Philosophie als liebgewonnene Bet\u00e4tigung, etablierte Weltanschauungen kritisch zu hinterfragen und seine eigene Sichtweise auf die Welt immer wieder neu in Frage zu stellen. So kann es gelingen, einmal von differenziertem, fokussiertem Betrachten zur\u00fcckzutreten und danach zu streben, die Welt in ihren Zusammenh\u00e4ngen zu erkennen. &hellip;<\/p>\n<p class=\"read-more\"> <a class=\"\" href=\"https:\/\/www.mariontschmelak.de\/wordpress\/meine-themen\/philosophisch-2\/\"> <span class=\"screen-reader-text\">Philosophisch<\/span> Weiterlesen &raquo;<\/a><\/p>\n","protected":false},"author":1,"featured_media":0,"parent":153,"menu_order":0,"comment_status":"closed","ping_status":"closed","template":"","meta":{"site-sidebar-layout":"no-sidebar","site-content-layout":"page-builder","ast-main-header-display":"","ast-hfb-above-header-display":"","ast-hfb-below-header-display":"","ast-hfb-mobile-header-display":"","site-post-title":"disabled","ast-breadcrumbs-content":"","ast-featured-img":"disabled","footer-sml-layout":"","theme-transparent-header-meta":"default","adv-header-id-meta":"","stick-header-meta":"","header-above-stick-meta":"","header-main-stick-meta":"","header-below-stick-meta":""},"_links":{"self":[{"href":"https:\/\/www.mariontschmelak.de\/wordpress\/wp-json\/wp\/v2\/pages\/455"}],"collection":[{"href":"https:\/\/www.mariontschmelak.de\/wordpress\/wp-json\/wp\/v2\/pages"}],"about":[{"href":"https:\/\/www.mariontschmelak.de\/wordpress\/wp-json\/wp\/v2\/types\/page"}],"author":[{"embeddable":true,"href":"https:\/\/www.mariontschmelak.de\/wordpress\/wp-json\/wp\/v2\/users\/1"}],"replies":[{"embeddable":true,"href":"https:\/\/www.mariontschmelak.de\/wordpress\/wp-json\/wp\/v2\/comments?post=455"}],"version-history":[{"count":20,"href":"https:\/\/www.mariontschmelak.de\/wordpress\/wp-json\/wp\/v2\/pages\/455\/revisions"}],"predecessor-version":[{"id":2494,"href":"https:\/\/www.mariontschmelak.de\/wordpress\/wp-json\/wp\/v2\/pages\/455\/revisions\/2494"}],"up":[{"embeddable":true,"href":"https:\/\/www.mariontschmelak.de\/wordpress\/wp-json\/wp\/v2\/pages\/153"}],"wp:attachment":[{"href":"https:\/\/www.mariontschmelak.de\/wordpress\/wp-json\/wp\/v2\/media?parent=455"}],"curies":[{"name":"wp","href":"https:\/\/api.w.org\/{rel}","templated":true}]}}