{"id":80,"date":"2020-10-24T20:08:36","date_gmt":"2020-10-24T18:08:36","guid":{"rendered":"https:\/\/www.mariontschmelak.de\/wordpress\/?page_id=80"},"modified":"2026-01-28T15:29:21","modified_gmt":"2026-01-28T14:29:21","slug":"ueber-mich","status":"publish","type":"page","link":"https:\/\/www.mariontschmelak.de\/wordpress\/ueber-mich\/","title":{"rendered":"\u00dcber mich"},"content":{"rendered":"\t\t<div data-elementor-type=\"wp-page\" data-elementor-id=\"80\" class=\"elementor elementor-80\">\n\t\t\t\t\t\t<div class=\"elementor-inner\">\n\t\t\t\t<div class=\"elementor-section-wrap\">\n\t\t\t\t\t\t\t\t\t<section class=\"elementor-section elementor-top-section elementor-element elementor-element-be16964 elementor-section-boxed elementor-section-height-default elementor-section-height-default\" data-id=\"be16964\" data-element_type=\"section\">\n\t\t\t\t\t\t<div class=\"elementor-container elementor-column-gap-default\">\n\t\t\t\t\t\t\t<div class=\"elementor-row\">\n\t\t\t\t\t<div class=\"elementor-column elementor-col-50 elementor-top-column elementor-element elementor-element-11f8da3\" data-id=\"11f8da3\" data-element_type=\"column\">\n\t\t\t<div class=\"elementor-column-wrap elementor-element-populated\">\n\t\t\t\t\t\t\t<div class=\"elementor-widget-wrap\">\n\t\t\t\t\t\t<div class=\"elementor-element elementor-element-45bba17 elementor-widget elementor-widget-image\" data-id=\"45bba17\" data-element_type=\"widget\" data-widget_type=\"image.default\">\n\t\t\t\t<div class=\"elementor-widget-container\">\n\t\t\t\t\t\t\t\t<div class=\"elementor-image\">\n\t\t\t\t\t\t\t\t\t\t\t\t<img decoding=\"async\" width=\"819\" height=\"1024\" src=\"https:\/\/www.mariontschmelak.de\/wordpress\/wp-content\/uploads\/2026\/01\/WhatsApp-Image-2025-12-23-at-12.30.25-819x1024.jpeg\" class=\"attachment-large size-large\" alt=\"\" loading=\"lazy\" srcset=\"https:\/\/www.mariontschmelak.de\/wordpress\/wp-content\/uploads\/2026\/01\/WhatsApp-Image-2025-12-23-at-12.30.25-819x1024.jpeg 819w, https:\/\/www.mariontschmelak.de\/wordpress\/wp-content\/uploads\/2026\/01\/WhatsApp-Image-2025-12-23-at-12.30.25-240x300.jpeg 240w, https:\/\/www.mariontschmelak.de\/wordpress\/wp-content\/uploads\/2026\/01\/WhatsApp-Image-2025-12-23-at-12.30.25-768x960.jpeg 768w, https:\/\/www.mariontschmelak.de\/wordpress\/wp-content\/uploads\/2026\/01\/WhatsApp-Image-2025-12-23-at-12.30.25.jpeg 1080w\" sizes=\"(max-width: 819px) 100vw, 819px\" \/>\t\t\t\t\t\t\t\t\t\t\t\t\t\t<\/div>\n\t\t\t\t\t\t<\/div>\n\t\t\t\t<\/div>\n\t\t\t\t\t\t<\/div>\n\t\t\t\t\t<\/div>\n\t\t<\/div>\n\t\t\t\t<div class=\"elementor-column elementor-col-50 elementor-top-column elementor-element elementor-element-87a87b6\" data-id=\"87a87b6\" data-element_type=\"column\">\n\t\t\t<div class=\"elementor-column-wrap elementor-element-populated\">\n\t\t\t\t\t\t\t<div class=\"elementor-widget-wrap\">\n\t\t\t\t\t\t<div class=\"elementor-element elementor-element-2e0ee77 elementor-widget elementor-widget-text-editor\" data-id=\"2e0ee77\" data-element_type=\"widget\" data-widget_type=\"text-editor.default\">\n\t\t\t\t<div class=\"elementor-widget-container\">\n\t\t\t\t\t\t\t\t<div class=\"elementor-text-editor elementor-clearfix\">\n\t\t\t\t<p><br><\/p><p><br><\/p><p><br><\/p><p>Freiberuflich als Taijiquan und Qigong-Lehrerin t\u00e4tig.<br><br>Ich habe gro\u00dfes Interesse an allen Themen, die mit Bewusstseinserweiterung und systemischem Denken zu tun haben. Schwerpunkt in meinen B\u00fcchern ist die Verbindung und das Wechselspiel der polaren Kr\u00e4fte des Femininen und Maskulinen. Aber auch auf soziale Missst\u00e4nde aufmerksam zu machen, ist mir ein wichtiges Anliegen.<\/p>\t\t\t\t\t<\/div>\n\t\t\t\t\t\t<\/div>\n\t\t\t\t<\/div>\n\t\t\t\t\t\t<\/div>\n\t\t\t\t\t<\/div>\n\t\t<\/div>\n\t\t\t\t\t\t\t\t<\/div>\n\t\t\t\t\t<\/div>\n\t\t<\/section>\n\t\t\t\t<section class=\"elementor-section elementor-top-section elementor-element elementor-element-18d444f elementor-section-boxed elementor-section-height-default elementor-section-height-default\" data-id=\"18d444f\" data-element_type=\"section\">\n\t\t\t\t\t\t<div class=\"elementor-container elementor-column-gap-default\">\n\t\t\t\t\t\t\t<div class=\"elementor-row\">\n\t\t\t\t\t<div class=\"elementor-column elementor-col-100 elementor-top-column elementor-element elementor-element-aa381c6\" data-id=\"aa381c6\" data-element_type=\"column\">\n\t\t\t<div class=\"elementor-column-wrap\">\n\t\t\t\t\t\t\t<div class=\"elementor-widget-wrap\">\n\t\t\t\t\t\t\t\t<\/div>\n\t\t\t\t\t<\/div>\n\t\t<\/div>\n\t\t\t\t\t\t\t\t<\/div>\n\t\t\t\t\t<\/div>\n\t\t<\/section>\n\t\t\t\t\t\t\t\t\t<\/div>\n\t\t\t<\/div>\n\t\t\t\t\t<\/div>\n\t\t","protected":false},"excerpt":{"rendered":"<p>Freiberuflich als Taijiquan und Qigong-Lehrerin t\u00e4tig. Ich habe gro\u00dfes Interesse an allen Themen, die mit Bewusstseinserweiterung und systemischem Denken zu tun haben. Schwerpunkt in meinen B\u00fcchern ist die Verbindung und das Wechselspiel der polaren Kr\u00e4fte des Femininen und Maskulinen. Aber auch auf soziale Missst\u00e4nde aufmerksam zu machen, ist mir ein wichtiges Anliegen.<\/p>\n","protected":false},"author":1,"featured_media":0,"parent":0,"menu_order":0,"comment_status":"closed","ping_status":"closed","template":"","meta":{"site-sidebar-layout":"default","site-content-layout":"default","ast-main-header-display":"","ast-hfb-above-header-display":"","ast-hfb-below-header-display":"","ast-hfb-mobile-header-display":"","site-post-title":"disabled","ast-breadcrumbs-content":"","ast-featured-img":"","footer-sml-layout":"","theme-transparent-header-meta":"default","adv-header-id-meta":"","stick-header-meta":"","header-above-stick-meta":"","header-main-stick-meta":"","header-below-stick-meta":""},"_links":{"self":[{"href":"https:\/\/www.mariontschmelak.de\/wordpress\/wp-json\/wp\/v2\/pages\/80"}],"collection":[{"href":"https:\/\/www.mariontschmelak.de\/wordpress\/wp-json\/wp\/v2\/pages"}],"about":[{"href":"https:\/\/www.mariontschmelak.de\/wordpress\/wp-json\/wp\/v2\/types\/page"}],"author":[{"embeddable":true,"href":"https:\/\/www.mariontschmelak.de\/wordpress\/wp-json\/wp\/v2\/users\/1"}],"replies":[{"embeddable":true,"href":"https:\/\/www.mariontschmelak.de\/wordpress\/wp-json\/wp\/v2\/comments?post=80"}],"version-history":[{"count":24,"href":"https:\/\/www.mariontschmelak.de\/wordpress\/wp-json\/wp\/v2\/pages\/80\/revisions"}],"predecessor-version":[{"id":3472,"href":"https:\/\/www.mariontschmelak.de\/wordpress\/wp-json\/wp\/v2\/pages\/80\/revisions\/3472"}],"wp:attachment":[{"href":"https:\/\/www.mariontschmelak.de\/wordpress\/wp-json\/wp\/v2\/media?parent=80"}],"curies":[{"name":"wp","href":"https:\/\/api.w.org\/{rel}","templated":true}]}}